{"id":117,"date":"2024-08-04T00:07:32","date_gmt":"2024-08-03T22:07:32","guid":{"rendered":"http:\/\/kopmque.cluster023.hosting.ovh.net\/?page_id=117"},"modified":"2024-08-09T00:29:31","modified_gmt":"2024-08-08T22:29:31","slug":"devis","status":"publish","type":"page","link":"https:\/\/www.cd-diagnostic.fr\/index.php\/devis\/","title":{"rendered":"Devis"},"content":{"rendered":"\t\t<div data-elementor-type=\"wp-page\" data-elementor-id=\"117\" class=\"elementor elementor-117\" data-elementor-settings=\"[]\">\n\t\t\t\t\t\t\t<div class=\"elementor-section-wrap\">\n\t\t\t\t\t\t\t<section class=\"elementor-section elementor-top-section elementor-element elementor-element-2fec0db elementor-section-boxed elementor-section-height-default elementor-section-height-default\" data-id=\"2fec0db\" data-element_type=\"section\">\n\t\t\t\t\t\t<div class=\"elementor-container elementor-column-gap-default\">\n\t\t\t\t\t<div class=\"elementor-column elementor-col-100 elementor-top-column elementor-element elementor-element-bc6f4d5\" data-id=\"bc6f4d5\" data-element_type=\"column\">\n\t\t\t<div class=\"elementor-widget-wrap elementor-element-populated\">\n\t\t\t\t\t\t\t\t<div class=\"elementor-element elementor-element-cf646cb elementor-widget elementor-widget-heading\" data-id=\"cf646cb\" data-element_type=\"widget\" data-widget_type=\"heading.default\">\n\t\t\t\t<div class=\"elementor-widget-container\">\n\t\t\t<h2 class=\"elementor-heading-title elementor-size-default\">Demandez un Devis Personnalis\u00e9\n  <\/h2>\t\t<\/div>\n\t\t\t\t<\/div>\n\t\t\t\t\t<\/div>\n\t\t<\/div>\n\t\t\t\t\t\t\t<\/div>\n\t\t<\/section>\n\t\t\t\t<section class=\"elementor-section elementor-top-section elementor-element elementor-element-d1e2105 elementor-section-boxed elementor-section-height-default elementor-section-height-default\" data-id=\"d1e2105\" data-element_type=\"section\">\n\t\t\t\t\t\t<div class=\"elementor-container elementor-column-gap-default\">\n\t\t\t\t\t<div class=\"elementor-column elementor-col-100 elementor-top-column elementor-element elementor-element-2dd0ca1\" data-id=\"2dd0ca1\" data-element_type=\"column\">\n\t\t\t<div class=\"elementor-widget-wrap elementor-element-populated\">\n\t\t\t\t\t\t\t\t<div class=\"elementor-element elementor-element-1c1ecfc elementor-widget elementor-widget-text-editor\" data-id=\"1c1ecfc\" data-element_type=\"widget\" data-widget_type=\"text-editor.default\">\n\t\t\t\t<div class=\"elementor-widget-container\">\n\t\t\t\t\t<div class=\"elementor-text-editor elementor-clearfix\"><p>Remplissez le formulaire ci-dessous pour recevoir un devis d\u00e9taill\u00e9 et personnalis\u00e9 pour vos besoins en diagnostic immobilier. Notre \u00e9quipe d&rsquo;experts vous r\u00e9pondra dans les plus brefs d\u00e9lais.<\/p><\/div>\n\t\t\t\t<\/div>\n\t\t\t\t<\/div>\n\t\t\t\t\t<\/div>\n\t\t<\/div>\n\t\t\t\t\t\t\t<\/div>\n\t\t<\/section>\n\t\t\t\t<section class=\"elementor-section elementor-top-section elementor-element elementor-element-493219d elementor-section-boxed elementor-section-height-default elementor-section-height-default\" data-id=\"493219d\" data-element_type=\"section\">\n\t\t\t\t\t\t<div class=\"elementor-container elementor-column-gap-default\">\n\t\t\t\t\t<div class=\"elementor-column elementor-col-100 elementor-top-column elementor-element elementor-element-a777f9a\" data-id=\"a777f9a\" data-element_type=\"column\">\n\t\t\t<div class=\"elementor-widget-wrap elementor-element-populated\">\n\t\t\t\t\t\t\t\t<div class=\"elementor-element elementor-element-53b27b4 elementor-widget-divider--view-line elementor-widget elementor-widget-divider\" data-id=\"53b27b4\" data-element_type=\"widget\" data-widget_type=\"divider.default\">\n\t\t\t\t<div class=\"elementor-widget-container\">\n\t\t\t\t\t<div class=\"elementor-divider\">\n\t\t\t<span class=\"elementor-divider-separator\">\n\t\t\t\t\t\t<\/span>\n\t\t<\/div>\n\t\t\t\t<\/div>\n\t\t\t\t<\/div>\n\t\t\t\t\t<\/div>\n\t\t<\/div>\n\t\t\t\t\t\t\t<\/div>\n\t\t<\/section>\n\t\t\t\t<section class=\"elementor-section elementor-top-section elementor-element elementor-element-cf6ff88 elementor-section-height-min-height elementor-section-content-middle elementor-section-boxed elementor-section-height-default elementor-section-items-middle\" data-id=\"cf6ff88\" data-element_type=\"section\">\n\t\t\t\t\t\t<div class=\"elementor-container elementor-column-gap-narrow\">\n\t\t\t\t\t<div class=\"elementor-column elementor-col-100 elementor-top-column elementor-element elementor-element-c784cf9\" data-id=\"c784cf9\" data-element_type=\"column\">\n\t\t\t<div class=\"elementor-widget-wrap elementor-element-populated\">\n\t\t\t\t\t\t\t\t<div class=\"elementor-element elementor-element-cacde98 elementor-button-align-end elementor-widget elementor-widget-form\" data-id=\"cacde98\" data-element_type=\"widget\" data-settings=\"{&quot;button_width&quot;:&quot;50&quot;,&quot;step_previous_label&quot;:&quot;Previous&quot;,&quot;step_type&quot;:&quot;none&quot;,&quot;step_icon_shape&quot;:&quot;none&quot;}\" data-widget_type=\"form.default\">\n\t\t\t\t<div class=\"elementor-widget-container\">\n\t\t\t\t\t<form class=\"elementor-form\" method=\"post\" name=\"New Form\">\n\t\t\t<input type=\"hidden\" name=\"post_id\" value=\"117\"\/>\n\t\t\t<input type=\"hidden\" name=\"form_id\" value=\"cacde98\"\/>\n\n\t\t\t\n\t\t\t<div class=\"elementor-form-fields-wrapper elementor-labels-above\">\n\t\t\t\t\t\t\t\t<div class=\"elementor-field-type-checkbox elementor-field-group elementor-column elementor-field-group-choice elementor-col-70\">\n\t\t\t\t\t<label for=\"form-field-choice\" class=\"elementor-field-label\">Vous souhaitez:<\/label><div class=\"elementor-field-subgroup  elementor-subgroup-inline\"><span class=\"elementor-field-option\"><input type=\"checkbox\" value=\"Vendre\" id=\"form-field-choice-0\" name=\"form_fields[choice][]\"> <label for=\"form-field-choice-0\">Vendre<\/label><\/span><span class=\"elementor-field-option\"><input type=\"checkbox\" value=\"Louer\" id=\"form-field-choice-1\" name=\"form_fields[choice][]\"> <label for=\"form-field-choice-1\">Louer<\/label><\/span><\/div>\t\t\t\t<\/div>\n\t\t\t\t\t\t\t\t<div class=\"elementor-field-type-select elementor-field-group elementor-column elementor-field-group-bien elementor-col-70 elementor-field-required elementor-mark-required\">\n\t\t\t\t\t<label for=\"form-field-bien\" class=\"elementor-field-label\">Type de bien:<\/label>\t\t<div class=\"elementor-field elementor-select-wrapper \">\n\t\t\t<select name=\"form_fields[bien]\" id=\"form-field-bien\" class=\"elementor-field-textual elementor-size-sm\" required=\"required\" aria-required=\"true\">\n\t\t\t\t<option value=\"Maison\">Maison<\/option><option value=\"Appartement\">Appartement<\/option><option value=\"Autre\">Autre<\/option>\t\t\t<\/select>\n\t\t<\/div>\n\t\t\t\t\t\t<\/div>\n\t\t\t\t\t\t\t\t<div class=\"elementor-field-type-select elementor-field-group elementor-column elementor-field-group-message elementor-col-70 elementor-field-required elementor-mark-required\">\n\t\t\t\t\t<label for=\"form-field-message\" class=\"elementor-field-label\">Surface:<\/label>\t\t<div class=\"elementor-field elementor-select-wrapper \">\n\t\t\t<select name=\"form_fields[message]\" id=\"form-field-message\" class=\"elementor-field-textual elementor-size-sm\" required=\"required\" aria-required=\"true\">\n\t\t\t\t<option value=\"20m2\">20m2<\/option><option value=\"20m2 - 40m2\">20m2 - 40m2<\/option><option value=\"40m2 - 80m2\">40m2 - 80m2<\/option><option value=\"80m2 - 120m2\">80m2 - 120m2<\/option><option value=\"120m2 - 160m2\">120m2 - 160m2<\/option><option value=\"160m2 - 200m2\">160m2 - 200m2<\/option><option value=\"200m2 - 250m2\">200m2 - 250m2<\/option><option value=\"+ de 250m2\">+ de 250m2<\/option>\t\t\t<\/select>\n\t\t<\/div>\n\t\t\t\t\t\t<\/div>\n\t\t\t\t\t\t\t\t<div class=\"elementor-field-type-select elementor-field-group elementor-column elementor-field-group-field_c5e855e elementor-col-70 elementor-field-required elementor-mark-required\">\n\t\t\t\t\t<label for=\"form-field-field_c5e855e\" class=\"elementor-field-label\">Nombre de pi\u00e8ces:<\/label>\t\t<div class=\"elementor-field elementor-select-wrapper \">\n\t\t\t<select name=\"form_fields[field_c5e855e]\" id=\"form-field-field_c5e855e\" class=\"elementor-field-textual elementor-size-sm\" required=\"required\" aria-required=\"true\">\n\t\t\t\t<option value=\"1\">1<\/option><option value=\"2\">2<\/option><option value=\"3\">3<\/option><option value=\"4\">4<\/option><option value=\"5+\">5+<\/option>\t\t\t<\/select>\n\t\t<\/div>\n\t\t\t\t\t\t<\/div>\n\t\t\t\t\t\t\t\t<div class=\"elementor-field-type-checkbox elementor-field-group elementor-column elementor-field-group-field_8b5ef12 elementor-col-100\">\n\t\t\t\t\t<label for=\"form-field-field_8b5ef12\" class=\"elementor-field-label\">Vous disposez d'une installation de gaz  de plus de 15 ans ?<\/label><div class=\"elementor-field-subgroup  elementor-subgroup-inline\"><span class=\"elementor-field-option\"><input type=\"checkbox\" value=\"Oui\" id=\"form-field-field_8b5ef12-0\" name=\"form_fields[field_8b5ef12][]\"> <label for=\"form-field-field_8b5ef12-0\">Oui<\/label><\/span><span class=\"elementor-field-option\"><input type=\"checkbox\" value=\"Non\" id=\"form-field-field_8b5ef12-1\" name=\"form_fields[field_8b5ef12][]\"> <label for=\"form-field-field_8b5ef12-1\">Non<\/label><\/span><\/div>\t\t\t\t<\/div>\n\t\t\t\t\t\t\t\t<div class=\"elementor-field-type-checkbox elementor-field-group elementor-column elementor-field-group-field_b9680fe elementor-col-70\">\n\t\t\t\t\t<label for=\"form-field-field_b9680fe\" class=\"elementor-field-label\">Vous disposez d'une installation \u00e9lectrique de plus de 15 ans?<\/label><div class=\"elementor-field-subgroup  elementor-subgroup-inline\"><span class=\"elementor-field-option\"><input type=\"checkbox\" value=\"Oui\" id=\"form-field-field_b9680fe-0\" name=\"form_fields[field_b9680fe][]\"> <label for=\"form-field-field_b9680fe-0\">Oui<\/label><\/span><span class=\"elementor-field-option\"><input type=\"checkbox\" value=\"Non\" id=\"form-field-field_b9680fe-1\" name=\"form_fields[field_b9680fe][]\"> <label for=\"form-field-field_b9680fe-1\">Non<\/label><\/span><\/div>\t\t\t\t<\/div>\n\t\t\t\t\t\t\t\t<div class=\"elementor-field-type-textarea elementor-field-group elementor-column elementor-field-group-field_f81efba elementor-col-70\">\n\t\t\t\t\t<label for=\"form-field-field_f81efba\" class=\"elementor-field-label\">Message<\/label><textarea class=\"elementor-field-textual elementor-field  elementor-size-sm\" name=\"form_fields[field_f81efba]\" id=\"form-field-field_f81efba\" rows=\"4\" placeholder=\"Message\"><\/textarea>\t\t\t\t<\/div>\n\t\t\t\t\t\t\t\t<div class=\"elementor-field-type-text elementor-field-group elementor-column elementor-field-group-field_36e700c elementor-col-70 elementor-field-required elementor-mark-required\">\n\t\t\t\t\t<label for=\"form-field-field_36e700c\" class=\"elementor-field-label\">Nom:<\/label><input size=\"1\" type=\"text\" name=\"form_fields[field_36e700c]\" id=\"form-field-field_36e700c\" class=\"elementor-field elementor-size-sm  elementor-field-textual\" placeholder=\"Nom\" required=\"required\" aria-required=\"true\">\t\t\t\t<\/div>\n\t\t\t\t\t\t\t\t<div class=\"elementor-field-type-text elementor-field-group elementor-column elementor-field-group-field_6be6fbf elementor-col-70\">\n\t\t\t\t\t<label for=\"form-field-field_6be6fbf\" class=\"elementor-field-label\">Soci\u00e9t\u00e9:<\/label><input size=\"1\" type=\"text\" name=\"form_fields[field_6be6fbf]\" id=\"form-field-field_6be6fbf\" class=\"elementor-field elementor-size-sm  elementor-field-textual\" placeholder=\"Soci\u00e9t\u00e9\">\t\t\t\t<\/div>\n\t\t\t\t\t\t\t\t<div class=\"elementor-field-type-text elementor-field-group elementor-column elementor-field-group-field_a3ab269 elementor-col-70 elementor-field-required elementor-mark-required\">\n\t\t\t\t\t<label for=\"form-field-field_a3ab269\" class=\"elementor-field-label\">Email:<\/label><input size=\"1\" type=\"text\" name=\"form_fields[field_a3ab269]\" id=\"form-field-field_a3ab269\" class=\"elementor-field elementor-size-sm  elementor-field-textual\" placeholder=\"Email\" required=\"required\" aria-required=\"true\">\t\t\t\t<\/div>\n\t\t\t\t\t\t\t\t<div class=\"elementor-field-type-tel elementor-field-group elementor-column elementor-field-group-field_63585b5 elementor-col-70\">\n\t\t\t\t\t<label for=\"form-field-field_63585b5\" class=\"elementor-field-label\">T\u00e9l\u00e9phone:<\/label><input size=\"1\" type=\"tel\" name=\"form_fields[field_63585b5]\" id=\"form-field-field_63585b5\" class=\"elementor-field elementor-size-sm  elementor-field-textual\" placeholder=\"T\u00e9l\u00e9phone\" pattern=\"[0-9()#&amp;+*-=.]+\" title=\"Only numbers and phone characters (#, -, *, etc) are accepted.\">\t\t\t\t<\/div>\n\t\t\t\t\t\t\t\t<div class=\"elementor-field-group elementor-column elementor-field-type-submit elementor-col-50 e-form__buttons\">\n\t\t\t\t\t<button type=\"submit\" class=\"elementor-button elementor-size-xs\">\n\t\t\t\t\t\t<span >\n\t\t\t\t\t\t\t\t\t\t\t\t\t\t\t<span class=\" elementor-button-icon\">\n\t\t\t\t\t\t\t\t\t\t\t\t\t\t\t\t\t\t\t\t\t\t\t\t\t\t<\/span>\n\t\t\t\t\t\t\t\t\t\t\t\t\t\t\t\t\t\t\t\t\t\t<span class=\"elementor-button-text\">Envoyer<\/span>\n\t\t\t\t\t\t\t\t\t\t\t\t\t<\/span>\n\t\t\t\t\t<\/button>\n\t\t\t\t<\/div>\n\t\t\t<\/div>\n\t\t<\/form>\n\t\t\t\t<\/div>\n\t\t\t\t<\/div>\n\t\t\t\t\t<\/div>\n\t\t<\/div>\n\t\t\t\t\t\t\t<\/div>\n\t\t<\/section>\n\t\t\t\t\t\t<\/div>\n\t\t\t\t\t<\/div>\n\t\t","protected":false},"excerpt":{"rendered":"<p>Demandez un Devis Personnalis\u00e9 Remplissez le formulaire ci-dessous pour recevoir un devis d\u00e9taill\u00e9 et personnalis\u00e9 [&hellip;]<\/p>\n","protected":false},"author":1,"featured_media":0,"parent":0,"menu_order":0,"comment_status":"closed","ping_status":"closed","template":"","meta":{"footnotes":""},"class_list":["post-117","page","type-page","status-publish","hentry"],"_links":{"self":[{"href":"https:\/\/www.cd-diagnostic.fr\/index.php\/wp-json\/wp\/v2\/pages\/117","targetHints":{"allow":["GET"]}}],"collection":[{"href":"https:\/\/www.cd-diagnostic.fr\/index.php\/wp-json\/wp\/v2\/pages"}],"about":[{"href":"https:\/\/www.cd-diagnostic.fr\/index.php\/wp-json\/wp\/v2\/types\/page"}],"author":[{"embeddable":true,"href":"https:\/\/www.cd-diagnostic.fr\/index.php\/wp-json\/wp\/v2\/users\/1"}],"replies":[{"embeddable":true,"href":"https:\/\/www.cd-diagnostic.fr\/index.php\/wp-json\/wp\/v2\/comments?post=117"}],"version-history":[{"count":20,"href":"https:\/\/www.cd-diagnostic.fr\/index.php\/wp-json\/wp\/v2\/pages\/117\/revisions"}],"predecessor-version":[{"id":647,"href":"https:\/\/www.cd-diagnostic.fr\/index.php\/wp-json\/wp\/v2\/pages\/117\/revisions\/647"}],"wp:attachment":[{"href":"https:\/\/www.cd-diagnostic.fr\/index.php\/wp-json\/wp\/v2\/media?parent=117"}],"curies":[{"name":"wp","href":"https:\/\/api.w.org\/{rel}","templated":true}]}}