{"id":142,"date":"2024-08-04T00:20:00","date_gmt":"2024-08-03T22:20:00","guid":{"rendered":"http:\/\/kopmque.cluster023.hosting.ovh.net\/?page_id=142"},"modified":"2024-09-20T10:17:50","modified_gmt":"2024-09-20T08:17:50","slug":"obligations-location-et-vente","status":"publish","type":"page","link":"https:\/\/www.cd-diagnostic.fr\/index.php\/obligations-location-et-vente\/","title":{"rendered":"Obligations Location &#038; Vente"},"content":{"rendered":"\t\t<div data-elementor-type=\"wp-page\" data-elementor-id=\"142\" class=\"elementor elementor-142\" data-elementor-settings=\"[]\">\n\t\t\t\t\t\t\t<div class=\"elementor-section-wrap\">\n\t\t\t\t\t\t\t<section class=\"elementor-section elementor-top-section elementor-element elementor-element-913d9eb elementor-section-boxed elementor-section-height-default elementor-section-height-default\" data-id=\"913d9eb\" data-element_type=\"section\">\n\t\t\t\t\t\t<div class=\"elementor-container elementor-column-gap-default\">\n\t\t\t\t\t<div class=\"elementor-column elementor-col-100 elementor-top-column elementor-element elementor-element-c9b6ef5\" data-id=\"c9b6ef5\" data-element_type=\"column\">\n\t\t\t<div class=\"elementor-widget-wrap elementor-element-populated\">\n\t\t\t\t\t\t\t\t<div class=\"elementor-element elementor-element-0bc5c8d elementor-widget elementor-widget-heading\" data-id=\"0bc5c8d\" data-element_type=\"widget\" data-widget_type=\"heading.default\">\n\t\t\t\t<div class=\"elementor-widget-container\">\n\t\t\t<h2 class=\"elementor-heading-title elementor-size-default\">Obligation Location &amp; Vente<\/h2>\t\t<\/div>\n\t\t\t\t<\/div>\n\t\t\t\t\t<\/div>\n\t\t<\/div>\n\t\t\t\t\t\t\t<\/div>\n\t\t<\/section>\n\t\t\t\t<section class=\"elementor-section elementor-top-section elementor-element elementor-element-6d16cfd elementor-section-boxed elementor-section-height-default elementor-section-height-default\" data-id=\"6d16cfd\" data-element_type=\"section\">\n\t\t\t\t\t\t<div class=\"elementor-container elementor-column-gap-default\">\n\t\t\t\t\t<div class=\"elementor-column elementor-col-100 elementor-top-column elementor-element elementor-element-cd17615\" data-id=\"cd17615\" data-element_type=\"column\">\n\t\t\t<div class=\"elementor-widget-wrap elementor-element-populated\">\n\t\t\t\t\t\t\t\t<div class=\"elementor-element elementor-element-d82c1cf elementor-widget elementor-widget-text-editor\" data-id=\"d82c1cf\" data-element_type=\"widget\" data-widget_type=\"text-editor.default\">\n\t\t\t\t<div class=\"elementor-widget-container\">\n\t\t\t\t\t<div class=\"elementor-text-editor elementor-clearfix\"><h4>Respectez vos obligations l\u00e9gales et offrez un logement s\u00fbr et conforme \u00e0 vos locataires ou acheteurs gr\u00e2ce \u00e0 nos services de diagnostic experts.<\/h4><\/div>\n\t\t\t\t<\/div>\n\t\t\t\t<\/div>\n\t\t\t\t\t<\/div>\n\t\t<\/div>\n\t\t\t\t\t\t\t<\/div>\n\t\t<\/section>\n\t\t\t\t<section class=\"elementor-section elementor-top-section elementor-element elementor-element-605800e elementor-section-boxed elementor-section-height-default elementor-section-height-default\" data-id=\"605800e\" data-element_type=\"section\">\n\t\t\t\t\t\t<div class=\"elementor-container elementor-column-gap-default\">\n\t\t\t\t\t<div class=\"elementor-column elementor-col-50 elementor-top-column elementor-element elementor-element-6a161ba\" data-id=\"6a161ba\" data-element_type=\"column\">\n\t\t\t<div class=\"elementor-widget-wrap elementor-element-populated\">\n\t\t\t\t\t\t\t\t<div class=\"elementor-element elementor-element-76130bb elementor-widget elementor-widget-image\" data-id=\"76130bb\" data-element_type=\"widget\" data-widget_type=\"image.default\">\n\t\t\t\t<div class=\"elementor-widget-container\">\n\t\t\t\t\t<div class=\"elementor-image\">\n\t\t\t\t\t\t\t\t\t\t<img loading=\"lazy\" decoding=\"async\" width=\"790\" height=\"527\" src=\"https:\/\/www.cd-diagnostic.fr\/wp-content\/uploads\/2024\/08\/iStock-1687777643-1024x683.jpg\" class=\"attachment-large size-large\" alt=\"\" srcset=\"https:\/\/www.cd-diagnostic.fr\/wp-content\/uploads\/2024\/08\/iStock-1687777643-1024x683.jpg 1024w, https:\/\/www.cd-diagnostic.fr\/wp-content\/uploads\/2024\/08\/iStock-1687777643-300x200.jpg 300w, https:\/\/www.cd-diagnostic.fr\/wp-content\/uploads\/2024\/08\/iStock-1687777643-768x512.jpg 768w, https:\/\/www.cd-diagnostic.fr\/wp-content\/uploads\/2024\/08\/iStock-1687777643-1536x1024.jpg 1536w, https:\/\/www.cd-diagnostic.fr\/wp-content\/uploads\/2024\/08\/iStock-1687777643-2048x1365.jpg 2048w\" sizes=\"auto, (max-width: 790px) 100vw, 790px\" \/>\t\t\t\t\t\t\t\t\t\t\t<\/div>\n\t\t\t\t<\/div>\n\t\t\t\t<\/div>\n\t\t\t\t\t<\/div>\n\t\t<\/div>\n\t\t\t\t<div class=\"elementor-column elementor-col-50 elementor-top-column elementor-element elementor-element-c5bfad9\" data-id=\"c5bfad9\" data-element_type=\"column\">\n\t\t\t<div class=\"elementor-widget-wrap elementor-element-populated\">\n\t\t\t\t\t\t\t\t<div class=\"elementor-element elementor-element-d64e7ec elementor-drop-cap-yes elementor-drop-cap-view-default elementor-widget elementor-widget-text-editor\" data-id=\"d64e7ec\" data-element_type=\"widget\" data-settings=\"{&quot;drop_cap&quot;:&quot;yes&quot;}\" data-widget_type=\"text-editor.default\">\n\t\t\t\t<div class=\"elementor-widget-container\">\n\t\t\t\t\t<div class=\"elementor-text-editor elementor-clearfix\">La location et la vente d&rsquo;un bien immobilier impliquent le respect de diverses obligations l\u00e9gales pour garantir la s\u00e9curit\u00e9 et le bien-\u00eatre des occupants. En tant que propri\u00e9taire ou vendeur, il est crucial de se conformer \u00e0 ces exigences pour \u00e9viter des litiges et assurer la satisfaction de vos locataires ou acheteurs.\nChez <span style=\"color: #126e3b;\"><strong>CD DIAGNOSTIC<\/strong><\/span>, nous vous aidons \u00e0 naviguer \u00e0 travers ces obligations avec des services de diagnostic complets et fiables.<\/div>\n\t\t\t\t<\/div>\n\t\t\t\t<\/div>\n\t\t\t\t\t<\/div>\n\t\t<\/div>\n\t\t\t\t\t\t\t<\/div>\n\t\t<\/section>\n\t\t\t\t<section class=\"elementor-section elementor-top-section elementor-element elementor-element-2bb4591 elementor-section-boxed elementor-section-height-default elementor-section-height-default\" data-id=\"2bb4591\" data-element_type=\"section\">\n\t\t\t\t\t\t<div class=\"elementor-container elementor-column-gap-default\">\n\t\t\t\t\t<div class=\"elementor-column elementor-col-100 elementor-top-column elementor-element elementor-element-2fc6a5a\" data-id=\"2fc6a5a\" data-element_type=\"column\">\n\t\t\t<div class=\"elementor-widget-wrap elementor-element-populated\">\n\t\t\t\t\t\t\t\t<div class=\"elementor-element elementor-element-47fcca8 elementor-widget elementor-widget-heading\" data-id=\"47fcca8\" data-element_type=\"widget\" data-widget_type=\"heading.default\">\n\t\t\t\t<div class=\"elementor-widget-container\">\n\t\t\t<h2 class=\"elementor-heading-title elementor-size-default\">Vos obligations locations<\/h2>\t\t<\/div>\n\t\t\t\t<\/div>\n\t\t\t\t\t<\/div>\n\t\t<\/div>\n\t\t\t\t\t\t\t<\/div>\n\t\t<\/section>\n\t\t\t\t<section class=\"elementor-section elementor-top-section elementor-element elementor-element-f309f13 elementor-section-boxed elementor-section-height-default elementor-section-height-default\" data-id=\"f309f13\" data-element_type=\"section\">\n\t\t\t\t\t\t<div class=\"elementor-container elementor-column-gap-default\">\n\t\t\t\t\t<div class=\"elementor-column elementor-col-50 elementor-top-column elementor-element elementor-element-371b767\" data-id=\"371b767\" data-element_type=\"column\">\n\t\t\t<div class=\"elementor-widget-wrap elementor-element-populated\">\n\t\t\t\t\t\t\t\t<div class=\"elementor-element elementor-element-07fe038 elementor-align-center elementor-widget elementor-widget-button\" data-id=\"07fe038\" data-element_type=\"widget\" data-widget_type=\"button.default\">\n\t\t\t\t<div class=\"elementor-widget-container\">\n\t\t\t\t\t<div class=\"elementor-button-wrapper\">\n\t\t\t<a href=\"\/index.php\/devis\/\" class=\"elementor-button-link elementor-button elementor-size-xl\" role=\"button\">\n\t\t\t\t\t\t<span class=\"elementor-button-content-wrapper\">\n\t\t\t\t\t\t<span class=\"elementor-button-text\">Faire un devis<\/span>\n\t\t<\/span>\n\t\t\t\t\t<\/a>\n\t\t<\/div>\n\t\t\t\t<\/div>\n\t\t\t\t<\/div>\n\t\t\t\t\t<\/div>\n\t\t<\/div>\n\t\t\t\t<div class=\"elementor-column elementor-col-50 elementor-top-column elementor-element elementor-element-a035512\" data-id=\"a035512\" data-element_type=\"column\">\n\t\t\t<div class=\"elementor-widget-wrap elementor-element-populated\">\n\t\t\t\t\t\t\t\t<div class=\"elementor-element elementor-element-4f026bd elementor-align-center elementor-widget elementor-widget-button\" data-id=\"4f026bd\" data-element_type=\"widget\" data-widget_type=\"button.default\">\n\t\t\t\t<div class=\"elementor-widget-container\">\n\t\t\t\t\t<div class=\"elementor-button-wrapper\">\n\t\t\t<a href=\"\/index.php\/contact\/\" class=\"elementor-button-link elementor-button elementor-size-xl\" role=\"button\">\n\t\t\t\t\t\t<span class=\"elementor-button-content-wrapper\">\n\t\t\t\t\t\t<span class=\"elementor-button-text\">Nous contactez<\/span>\n\t\t<\/span>\n\t\t\t\t\t<\/a>\n\t\t<\/div>\n\t\t\t\t<\/div>\n\t\t\t\t<\/div>\n\t\t\t\t\t<\/div>\n\t\t<\/div>\n\t\t\t\t\t\t\t<\/div>\n\t\t<\/section>\n\t\t\t\t<section class=\"elementor-section elementor-top-section elementor-element elementor-element-88821bc elementor-section-boxed elementor-section-height-default elementor-section-height-default\" data-id=\"88821bc\" data-element_type=\"section\">\n\t\t\t\t\t\t<div class=\"elementor-container elementor-column-gap-default\">\n\t\t\t\t\t<div class=\"elementor-column elementor-col-100 elementor-top-column elementor-element elementor-element-5901e0c\" data-id=\"5901e0c\" data-element_type=\"column\">\n\t\t\t<div class=\"elementor-widget-wrap elementor-element-populated\">\n\t\t\t\t\t\t\t\t<div class=\"elementor-element elementor-element-45e2c32 elementor-widget elementor-widget-text-editor\" data-id=\"45e2c32\" data-element_type=\"widget\" data-widget_type=\"text-editor.default\">\n\t\t\t\t<div class=\"elementor-widget-container\">\n\t\t\t\t\t<div class=\"elementor-text-editor elementor-clearfix\"><h5>Les bailleurs ont l&rsquo;obligation de fournir divers renseignements essentiels aux futurs locataires de leur bien, soit:<\/h5><\/div>\n\t\t\t\t<\/div>\n\t\t\t\t<\/div>\n\t\t\t\t\t<\/div>\n\t\t<\/div>\n\t\t\t\t\t\t\t<\/div>\n\t\t<\/section>\n\t\t\t\t<section class=\"elementor-section elementor-top-section elementor-element elementor-element-e2dcdad elementor-section-boxed elementor-section-height-default elementor-section-height-default\" data-id=\"e2dcdad\" data-element_type=\"section\">\n\t\t\t\t\t\t<div class=\"elementor-container elementor-column-gap-default\">\n\t\t\t\t\t<div class=\"elementor-column elementor-col-100 elementor-top-column elementor-element elementor-element-49ebb48\" data-id=\"49ebb48\" data-element_type=\"column\">\n\t\t\t<div class=\"elementor-widget-wrap elementor-element-populated\">\n\t\t\t\t\t\t\t\t<section class=\"elementor-section elementor-inner-section elementor-element elementor-element-7b0735e elementor-section-boxed elementor-section-height-default elementor-section-height-default\" data-id=\"7b0735e\" data-element_type=\"section\">\n\t\t\t\t\t\t<div class=\"elementor-container elementor-column-gap-default\">\n\t\t\t\t\t<div class=\"elementor-column elementor-col-100 elementor-inner-column elementor-element elementor-element-da6c117\" data-id=\"da6c117\" data-element_type=\"column\">\n\t\t\t<div class=\"elementor-widget-wrap elementor-element-populated\">\n\t\t\t\t\t\t\t\t<div class=\"elementor-element elementor-element-d8e2169 elementor-widget elementor-widget-html\" data-id=\"d8e2169\" data-element_type=\"widget\" data-widget_type=\"html.default\">\n\t\t\t\t<div class=\"elementor-widget-container\">\n\t\t\t<table style=\"width: 100%; border-collapse: collapse; text-align: center;\">\n  <thead>\n    <tr>\n      <th style=\"border: 1px solid #ddd; padding: 10px; color: #126e3b;\">Diagnostic<\/th>\n      <th style=\"border: 1px solid #ddd; padding: 10px; color: #126e3b;\">Conditions<\/th>\n      <th style=\"border: 1px solid #ddd; padding: 10px;color: #126e3b;\">Validit\u00e9<\/th>\n    <\/tr>\n  <\/thead>\n  <tbody>\n    <tr>\n      <td style=\"border: 1px solid #ddd; padding: 10px; color: #000000;\">DPE (Performance \u00e9nerg\u00e9tique)<\/td>\n      <td style=\"border: 1px solid #ddd; padding: 10px; color: #000000;\">Tout logement mis en location<\/td>\n      <td style=\"border: 1px solid #ddd; padding: 10px; color: #000000;\">10 ans<\/td>\n    <\/tr>\n    <tr>\n      <td style=\"border: 1px solid #ddd; padding: 10px; color: #000000;\">Diagnostic Plomb<\/td>\n      <td style=\"border: 1px solid #ddd; padding: 10px; color: #000000;\">Logement construit avant 1949<\/td>\n      <td style=\"border: 1px solid #ddd; padding: 10px; color: #000000;\">Illimit\u00e9 si absence, sinon 6 ans<\/td>\n    <\/tr>\n    <tr>\n      <td style=\"border: 1px solid #ddd; padding: 10px; color: #000000;\">Diagnostic Gaz<\/td>\n      <td style=\"border: 1px solid #ddd; padding: 10px; color: #000000;\">Installations de plus de 15 ans<\/td>\n      <td style=\"border: 1px solid #ddd; padding: 10px; color: #000000;\">6 ans<\/td>\n    <\/tr>\n    <tr>\n      <td style=\"border: 1px solid #ddd; padding: 10px; color: #000000;\">Diagnostic \u00c9lectricit\u00e9<\/td>\n      <td style=\"border: 1px solid #ddd; padding: 10px; color: #000000;\">Installations \u00e9lectriques de plus de 15 ans<\/td>\n      <td style=\"border: 1px solid #ddd; padding: 10px; color: #000000;\">6 ans<\/td>\n    <\/tr>\n    <tr>\n      <td style=\"border: 1px solid #ddd; padding: 10px; color: #000000;\">Mesurage Loi Boutin<\/td>\n      <td style=\"border: 1px solid #ddd; padding: 10px; color: #000000;\">Logement vide en r\u00e9sidence principale<\/td>\n      <td style=\"border: 1px solid #ddd; padding: 10px; color: #000000;\">Illimit\u00e9 sauf travaux<\/td>\n    <\/tr>\n    <tr>\n      <td style=\"border: 1px solid #ddd; padding: 10px; color: #000000;\">ERP (\u00c9tat des Risques et Pollutions)<\/td>\n      <td style=\"border: 1px solid #ddd; padding: 10px; color: #000000;\">Zone \u00e0 risque d\u00e9finie par arr\u00eat\u00e9<\/td>\n      <td style=\"border: 1px solid #ddd; padding: 10px; color: #000000;\">6 mois<\/td>\n    <\/tr>\n  <\/tbody>\n<\/table>\n\t\t<\/div>\n\t\t\t\t<\/div>\n\t\t\t\t\t<\/div>\n\t\t<\/div>\n\t\t\t\t\t\t\t<\/div>\n\t\t<\/section>\n\t\t\t\t\t<\/div>\n\t\t<\/div>\n\t\t\t\t\t\t\t<\/div>\n\t\t<\/section>\n\t\t\t\t<section class=\"elementor-section elementor-top-section elementor-element elementor-element-12266f9 elementor-section-boxed elementor-section-height-default elementor-section-height-default\" data-id=\"12266f9\" data-element_type=\"section\">\n\t\t\t\t\t\t<div class=\"elementor-container elementor-column-gap-default\">\n\t\t\t\t\t<div class=\"elementor-column elementor-col-100 elementor-top-column elementor-element elementor-element-d177e1b\" data-id=\"d177e1b\" data-element_type=\"column\">\n\t\t\t<div class=\"elementor-widget-wrap elementor-element-populated\">\n\t\t\t\t\t\t\t\t<div class=\"elementor-element elementor-element-e1576c4 elementor-widget elementor-widget-heading\" data-id=\"e1576c4\" data-element_type=\"widget\" data-widget_type=\"heading.default\">\n\t\t\t\t<div class=\"elementor-widget-container\">\n\t\t\t<h2 class=\"elementor-heading-title elementor-size-default\">Vos obligations ventes<\/h2>\t\t<\/div>\n\t\t\t\t<\/div>\n\t\t\t\t\t<\/div>\n\t\t<\/div>\n\t\t\t\t\t\t\t<\/div>\n\t\t<\/section>\n\t\t\t\t<section class=\"elementor-section elementor-top-section elementor-element elementor-element-dd5299c elementor-section-boxed elementor-section-height-default elementor-section-height-default\" data-id=\"dd5299c\" data-element_type=\"section\">\n\t\t\t\t\t\t<div class=\"elementor-container elementor-column-gap-default\">\n\t\t\t\t\t<div class=\"elementor-column elementor-col-50 elementor-top-column elementor-element elementor-element-750aa0a\" data-id=\"750aa0a\" data-element_type=\"column\">\n\t\t\t<div class=\"elementor-widget-wrap elementor-element-populated\">\n\t\t\t\t\t\t\t\t<div class=\"elementor-element elementor-element-1c0c516 elementor-align-center elementor-widget elementor-widget-button\" data-id=\"1c0c516\" data-element_type=\"widget\" data-widget_type=\"button.default\">\n\t\t\t\t<div class=\"elementor-widget-container\">\n\t\t\t\t\t<div class=\"elementor-button-wrapper\">\n\t\t\t<a href=\"\/index.php\/devis\/\" class=\"elementor-button-link elementor-button elementor-size-xl\" role=\"button\">\n\t\t\t\t\t\t<span class=\"elementor-button-content-wrapper\">\n\t\t\t\t\t\t<span class=\"elementor-button-text\">Faire un devis<\/span>\n\t\t<\/span>\n\t\t\t\t\t<\/a>\n\t\t<\/div>\n\t\t\t\t<\/div>\n\t\t\t\t<\/div>\n\t\t\t\t\t<\/div>\n\t\t<\/div>\n\t\t\t\t<div class=\"elementor-column elementor-col-50 elementor-top-column elementor-element elementor-element-85f75fd\" data-id=\"85f75fd\" data-element_type=\"column\">\n\t\t\t<div class=\"elementor-widget-wrap elementor-element-populated\">\n\t\t\t\t\t\t\t\t<div class=\"elementor-element elementor-element-b21a545 elementor-align-center elementor-widget elementor-widget-button\" data-id=\"b21a545\" data-element_type=\"widget\" data-widget_type=\"button.default\">\n\t\t\t\t<div class=\"elementor-widget-container\">\n\t\t\t\t\t<div class=\"elementor-button-wrapper\">\n\t\t\t<a href=\"\/index.php\/contact\/\" class=\"elementor-button-link elementor-button elementor-size-xl\" role=\"button\">\n\t\t\t\t\t\t<span class=\"elementor-button-content-wrapper\">\n\t\t\t\t\t\t<span class=\"elementor-button-text\">Nous contactez<\/span>\n\t\t<\/span>\n\t\t\t\t\t<\/a>\n\t\t<\/div>\n\t\t\t\t<\/div>\n\t\t\t\t<\/div>\n\t\t\t\t\t<\/div>\n\t\t<\/div>\n\t\t\t\t\t\t\t<\/div>\n\t\t<\/section>\n\t\t\t\t<section class=\"elementor-section elementor-top-section elementor-element elementor-element-b660e55 elementor-section-boxed elementor-section-height-default elementor-section-height-default\" data-id=\"b660e55\" data-element_type=\"section\">\n\t\t\t\t\t\t<div class=\"elementor-container elementor-column-gap-default\">\n\t\t\t\t\t<div class=\"elementor-column elementor-col-100 elementor-top-column elementor-element elementor-element-54aaff4\" data-id=\"54aaff4\" data-element_type=\"column\">\n\t\t\t<div class=\"elementor-widget-wrap elementor-element-populated\">\n\t\t\t\t\t\t\t\t<div class=\"elementor-element elementor-element-cb6b865 elementor-widget elementor-widget-text-editor\" data-id=\"cb6b865\" data-element_type=\"widget\" data-widget_type=\"text-editor.default\">\n\t\t\t\t<div class=\"elementor-widget-container\">\n\t\t\t\t\t<div class=\"elementor-text-editor elementor-clearfix\"><h5>Les vendeurs doivent \u00e9galement fournir plusieurs diagnostics obligatoires aux acheteurs potentiels, soit :<\/h5><\/div>\n\t\t\t\t<\/div>\n\t\t\t\t<\/div>\n\t\t\t\t\t<\/div>\n\t\t<\/div>\n\t\t\t\t\t\t\t<\/div>\n\t\t<\/section>\n\t\t\t\t<section class=\"elementor-section elementor-top-section elementor-element elementor-element-fd805b2 elementor-section-boxed elementor-section-height-default elementor-section-height-default\" data-id=\"fd805b2\" data-element_type=\"section\">\n\t\t\t\t\t\t<div class=\"elementor-container elementor-column-gap-default\">\n\t\t\t\t\t<div class=\"elementor-column elementor-col-100 elementor-top-column elementor-element elementor-element-364b890\" data-id=\"364b890\" data-element_type=\"column\">\n\t\t\t<div class=\"elementor-widget-wrap elementor-element-populated\">\n\t\t\t\t\t\t\t\t<div class=\"elementor-element elementor-element-5b48b52 elementor-widget elementor-widget-html\" data-id=\"5b48b52\" data-element_type=\"widget\" data-widget_type=\"html.default\">\n\t\t\t\t<div class=\"elementor-widget-container\">\n\t\t\t<table style=\"width: 100%; border-collapse: collapse; text-align: center;\">\n  <thead>\n    <tr>\n      <th style=\"border: 1px solid #ddd; padding: 10px; color: #126e3b;\">Diagnostic<\/th>\n      <th style=\"border: 1px solid #ddd; padding: 10px; color: #126e3b;\">Conditions<\/th>\n      <th style=\"border: 1px solid #ddd; padding: 10px; color: #126e3b;\">Validit\u00e9<\/th>\n    <\/tr>\n  <\/thead>\n  <tbody>\n    <tr>\n      <td style=\"border: 1px solid #ddd; padding: 10px; color: #000000;\">DPE (Performance \u00e9nerg\u00e9tique)<\/td>\n      <td style=\"border: 1px solid #ddd; padding: 10px; color: #000000;\">B\u00e2timent avec syst\u00e8me de chauffage<\/td>\n      <td style=\"border: 1px solid #ddd; padding: 10px; color: #000000;\">10 ans, sauf si travaux \u00e9nerg\u00e9tiques<\/td>\n    <\/tr>\n    <tr>\n      <td style=\"border: 1px solid #ddd; padding: 10px; color: #000000;\">Amiante<\/td>\n      <td style=\"border: 1px solid #ddd; padding: 10px; color: #000000;\">Permis avant juillet 1997<\/td>\n      <td style=\"border: 1px solid #ddd; padding: 10px; color: #000000;\">Illimit\u00e9e, sauf pr\u00e9sence<\/td>\n    <\/tr>\n    <tr>\n      <td style=\"border: 1px solid #ddd; padding: 10px; color: #000000;\">Plomb<\/td>\n      <td style=\"border: 1px solid #ddd; padding: 10px; color: #000000;\">Permis avant janvier 1949<\/td>\n      <td style=\"border: 1px solid #ddd; padding: 10px; color: #000000;\">1 an si seuil d\u00e9pass\u00e9, sinon illimit\u00e9<\/td>\n    <\/tr>\n    <tr>\n      <td style=\"border: 1px solid #ddd; padding: 10px; color: #000000;\">Gaz<\/td>\n      <td style=\"border: 1px solid #ddd; padding: 10px; color: #000000;\">Installations de plus de 15 ans<\/td>\n      <td style=\"border: 1px solid #ddd; padding: 10px; color: #000000;\">3 ans<\/td>\n    <\/tr>\n    <tr>\n      <td style=\"border: 1px solid #ddd; padding: 10px; color: #000000;\">\u00c9lectricit\u00e9<\/td>\n      <td style=\"border: 1px solid #ddd; padding: 10px; color: #000000;\">Installations de plus de 15 ans<\/td>\n      <td style=\"border: 1px solid #ddd; padding: 10px; color: #000000;\">3 ans<\/td>\n    <\/tr>\n    <tr>\n      <td style=\"border: 1px solid #ddd; padding: 10px; color: #000000;\">Loi Carrez<\/td>\n      <td style=\"border: 1px solid #ddd; padding: 10px; color: #000000;\">Copropri\u00e9t\u00e9s (hors caves, garages < 8m\u00b2)<\/td>\n      <td style=\"border: 1px solid #ddd; padding: 10px; color: #000000;\">Illimit\u00e9e, sauf travaux<\/td>\n    <\/tr>\n    <tr>\n      <td style=\"border: 1px solid #ddd; padding: 10px; color: #000000;\">ERP (Risques et Pollutions)<\/td>\n      <td style=\"border: 1px solid #ddd; padding: 10px; color: #000000;\">Zone \u00e0 risque<\/td>\n      <td style=\"border: 1px solid #ddd; padding: 10px; color: #000000;\">6 mois<\/td>\n    <\/tr>\n    <tr>\n      <td style=\"border: 1px solid #ddd; padding: 10px; color: #000000;\">Termites<\/td>\n      <td style=\"border: 1px solid #ddd; padding: 10px; color: #000000;\">Zone infest\u00e9e<\/td>\n      <td style=\"border: 1px solid #ddd; padding: 10px; color: #000000;\">6 mois<\/td>\n    <\/tr>\n  <\/tbody>\n<\/table>\n\t\t<\/div>\n\t\t\t\t<\/div>\n\t\t\t\t\t<\/div>\n\t\t<\/div>\n\t\t\t\t\t\t\t<\/div>\n\t\t<\/section>\n\t\t\t\t\t\t<\/div>\n\t\t\t\t\t<\/div>\n\t\t","protected":false},"excerpt":{"rendered":"<p>Obligation Location &amp; Vente Respectez vos obligations l\u00e9gales et offrez un logement s\u00fbr et conforme [&hellip;]<\/p>\n","protected":false},"author":1,"featured_media":0,"parent":0,"menu_order":0,"comment_status":"closed","ping_status":"closed","template":"","meta":{"footnotes":""},"class_list":["post-142","page","type-page","status-publish","hentry"],"_links":{"self":[{"href":"https:\/\/www.cd-diagnostic.fr\/index.php\/wp-json\/wp\/v2\/pages\/142","targetHints":{"allow":["GET"]}}],"collection":[{"href":"https:\/\/www.cd-diagnostic.fr\/index.php\/wp-json\/wp\/v2\/pages"}],"about":[{"href":"https:\/\/www.cd-diagnostic.fr\/index.php\/wp-json\/wp\/v2\/types\/page"}],"author":[{"embeddable":true,"href":"https:\/\/www.cd-diagnostic.fr\/index.php\/wp-json\/wp\/v2\/users\/1"}],"replies":[{"embeddable":true,"href":"https:\/\/www.cd-diagnostic.fr\/index.php\/wp-json\/wp\/v2\/comments?post=142"}],"version-history":[{"count":32,"href":"https:\/\/www.cd-diagnostic.fr\/index.php\/wp-json\/wp\/v2\/pages\/142\/revisions"}],"predecessor-version":[{"id":796,"href":"https:\/\/www.cd-diagnostic.fr\/index.php\/wp-json\/wp\/v2\/pages\/142\/revisions\/796"}],"wp:attachment":[{"href":"https:\/\/www.cd-diagnostic.fr\/index.php\/wp-json\/wp\/v2\/media?parent=142"}],"curies":[{"name":"wp","href":"https:\/\/api.w.org\/{rel}","templated":true}]}}