{"id":178,"date":"2024-08-04T00:31:57","date_gmt":"2024-08-03T22:31:57","guid":{"rendered":"http:\/\/kopmque.cluster023.hosting.ovh.net\/?page_id=178"},"modified":"2024-09-20T10:18:57","modified_gmt":"2024-09-20T08:18:57","slug":"plomb-avant-travaux-et-demolition","status":"publish","type":"page","link":"https:\/\/www.cd-diagnostic.fr\/index.php\/plomb-avant-travaux-et-demolition\/","title":{"rendered":"Plomb avant travaux et D\u00e9molition"},"content":{"rendered":"\t\t<div data-elementor-type=\"wp-page\" data-elementor-id=\"178\" class=\"elementor elementor-178\" data-elementor-settings=\"[]\">\n\t\t\t\t\t\t\t<div class=\"elementor-section-wrap\">\n\t\t\t\t\t\t\t<section class=\"elementor-section elementor-top-section elementor-element elementor-element-cfa3a29 elementor-section-boxed elementor-section-height-default elementor-section-height-default\" data-id=\"cfa3a29\" data-element_type=\"section\">\n\t\t\t\t\t\t<div class=\"elementor-container elementor-column-gap-default\">\n\t\t\t\t\t<div class=\"elementor-column elementor-col-100 elementor-top-column elementor-element elementor-element-10ff9d8\" data-id=\"10ff9d8\" data-element_type=\"column\">\n\t\t\t<div class=\"elementor-widget-wrap elementor-element-populated\">\n\t\t\t\t\t\t\t\t<div class=\"elementor-element elementor-element-f2c75c5 elementor-widget elementor-widget-heading\" data-id=\"f2c75c5\" data-element_type=\"widget\" data-widget_type=\"heading.default\">\n\t\t\t\t<div class=\"elementor-widget-container\">\n\t\t\t<h2 class=\"elementor-heading-title elementor-size-default\">Plomb avant Travaux et D\u00e9molition<\/h2>\t\t<\/div>\n\t\t\t\t<\/div>\n\t\t\t\t\t<\/div>\n\t\t<\/div>\n\t\t\t\t\t\t\t<\/div>\n\t\t<\/section>\n\t\t\t\t<section class=\"elementor-section elementor-top-section elementor-element elementor-element-97a4249 elementor-section-boxed elementor-section-height-default elementor-section-height-default\" data-id=\"97a4249\" data-element_type=\"section\">\n\t\t\t\t\t\t<div class=\"elementor-container elementor-column-gap-default\">\n\t\t\t\t\t<div class=\"elementor-column elementor-col-100 elementor-top-column elementor-element elementor-element-d743597\" data-id=\"d743597\" data-element_type=\"column\">\n\t\t\t<div class=\"elementor-widget-wrap elementor-element-populated\">\n\t\t\t\t\t\t\t\t<div class=\"elementor-element elementor-element-293cecd elementor-widget elementor-widget-spacer\" data-id=\"293cecd\" data-element_type=\"widget\" data-widget_type=\"spacer.default\">\n\t\t\t\t<div class=\"elementor-widget-container\">\n\t\t\t\t\t<div class=\"elementor-spacer\">\n\t\t\t<div class=\"elementor-spacer-inner\"><\/div>\n\t\t<\/div>\n\t\t\t\t<\/div>\n\t\t\t\t<\/div>\n\t\t\t\t\t<\/div>\n\t\t<\/div>\n\t\t\t\t\t\t\t<\/div>\n\t\t<\/section>\n\t\t\t\t<section class=\"elementor-section elementor-top-section elementor-element elementor-element-e5ef004 elementor-section-boxed elementor-section-height-default elementor-section-height-default\" data-id=\"e5ef004\" data-element_type=\"section\">\n\t\t\t\t\t\t<div class=\"elementor-container elementor-column-gap-default\">\n\t\t\t\t\t<div class=\"elementor-column elementor-col-50 elementor-top-column elementor-element elementor-element-aeb282d\" data-id=\"aeb282d\" data-element_type=\"column\">\n\t\t\t<div class=\"elementor-widget-wrap elementor-element-populated\">\n\t\t\t\t\t\t\t\t<div class=\"elementor-element elementor-element-fc59667 elementor-drop-cap-yes elementor-drop-cap-view-default elementor-widget elementor-widget-text-editor\" data-id=\"fc59667\" data-element_type=\"widget\" data-settings=\"{&quot;drop_cap&quot;:&quot;yes&quot;}\" data-widget_type=\"text-editor.default\">\n\t\t\t\t<div class=\"elementor-widget-container\">\n\t\t\t\t\t<div class=\"elementor-text-editor elementor-clearfix\">Le plomb, bien que largement utilis\u00e9 dans le pass\u00e9 pour ses propri\u00e9t\u00e9s durables et protectrices, pr\u00e9sente des dangers consid\u00e9rables pour la sant\u00e9 humaine. Ce m\u00e9tal lourd, souvent trouv\u00e9 dans les peintures, les canalisations et autres mat\u00e9riaux de construction anciens, peut causer des probl\u00e8mes graves lorsqu&rsquo;il est ing\u00e9r\u00e9 ou inhal\u00e9 sous forme de poussi\u00e8res. Les enfants et les femmes enceintes sont particuli\u00e8rement vuln\u00e9rables aux effets toxiques du plomb, qui peuvent entra\u00eener des troubles du d\u00e9veloppement, des dommages neurologiques et d&rsquo;autres complications graves.\n<h4>L&rsquo;Importance du Rep\u00e9rage Pr\u00e9alable<\/h4>\nAvant de commencer des travaux de r\u00e9novation ou de d\u00e9molition, il est crucial de rep\u00e9rer les sources de plomb pour garantir un environnement de travail s\u00fbr et conforme aux r\u00e9glementations. La d\u00e9tection pr\u00e9coce et la gestion des mat\u00e9riaux contenant du plomb permettent de mettre en place des mesures de s\u00e9curit\u00e9 appropri\u00e9es, prot\u00e9geant ainsi les travailleurs et les occupants des b\u00e2timents.\n<\/br>\n<\/br>\nChez <span style=\"color: #126e3b;\"><strong>CD DIAGNOSTIC<\/strong><\/span>, nous comprenons l&rsquo;importance de ces mesures pr\u00e9ventives. Nous offrons des services de diagnostic plomb complets, utilisant des technologies de pointe et des m\u00e9thodes \u00e9prouv\u00e9es pour d\u00e9tecter et analyser les sources de plomb dans votre b\u00e2timent. Nos diagnostiqueurs certifi\u00e9s effectuent des inspections d\u00e9taill\u00e9es et fournissent des rapports clairs et complets, vous aidant \u00e0 planifier et \u00e0 ex\u00e9cuter vos projets de mani\u00e8re s\u00e9curis\u00e9e et conforme aux normes en vigueur.<\/div>\n\t\t\t\t<\/div>\n\t\t\t\t<\/div>\n\t\t\t\t\t<\/div>\n\t\t<\/div>\n\t\t\t\t<div class=\"elementor-column elementor-col-50 elementor-top-column elementor-element elementor-element-e35c4d5\" data-id=\"e35c4d5\" data-element_type=\"column\">\n\t\t\t<div class=\"elementor-widget-wrap elementor-element-populated\">\n\t\t\t\t\t\t\t\t<div class=\"elementor-element elementor-element-653b448 elementor-widget elementor-widget-image\" data-id=\"653b448\" data-element_type=\"widget\" data-widget_type=\"image.default\">\n\t\t\t\t<div class=\"elementor-widget-container\">\n\t\t\t\t\t<div class=\"elementor-image\">\n\t\t\t\t\t\t\t\t\t\t<img loading=\"lazy\" decoding=\"async\" width=\"790\" height=\"527\" src=\"https:\/\/www.cd-diagnostic.fr\/wp-content\/uploads\/2024\/08\/iStock-1015697554-1024x683.jpg\" class=\"attachment-large size-large\" alt=\"\" srcset=\"https:\/\/www.cd-diagnostic.fr\/wp-content\/uploads\/2024\/08\/iStock-1015697554-1024x683.jpg 1024w, https:\/\/www.cd-diagnostic.fr\/wp-content\/uploads\/2024\/08\/iStock-1015697554-300x200.jpg 300w, https:\/\/www.cd-diagnostic.fr\/wp-content\/uploads\/2024\/08\/iStock-1015697554-768x512.jpg 768w, https:\/\/www.cd-diagnostic.fr\/wp-content\/uploads\/2024\/08\/iStock-1015697554-1536x1024.jpg 1536w, https:\/\/www.cd-diagnostic.fr\/wp-content\/uploads\/2024\/08\/iStock-1015697554-2048x1365.jpg 2048w\" sizes=\"auto, (max-width: 790px) 100vw, 790px\" \/>\t\t\t\t\t\t\t\t\t\t\t<\/div>\n\t\t\t\t<\/div>\n\t\t\t\t<\/div>\n\t\t\t\t<div class=\"elementor-element elementor-element-b596210 elementor-align-center elementor-widget elementor-widget-button\" data-id=\"b596210\" data-element_type=\"widget\" data-widget_type=\"button.default\">\n\t\t\t\t<div class=\"elementor-widget-container\">\n\t\t\t\t\t<div class=\"elementor-button-wrapper\">\n\t\t\t<a href=\"\/index.php\/devis\/\" class=\"elementor-button-link elementor-button elementor-size-xl\" role=\"button\">\n\t\t\t\t\t\t<span class=\"elementor-button-content-wrapper\">\n\t\t\t\t\t\t<span class=\"elementor-button-text\">Faire un devis<\/span>\n\t\t<\/span>\n\t\t\t\t\t<\/a>\n\t\t<\/div>\n\t\t\t\t<\/div>\n\t\t\t\t<\/div>\n\t\t\t\t<div class=\"elementor-element elementor-element-0a90a6b elementor-align-center elementor-widget elementor-widget-button\" data-id=\"0a90a6b\" data-element_type=\"widget\" data-widget_type=\"button.default\">\n\t\t\t\t<div class=\"elementor-widget-container\">\n\t\t\t\t\t<div class=\"elementor-button-wrapper\">\n\t\t\t<a href=\"\/index.php\/contact\/\" class=\"elementor-button-link elementor-button elementor-size-xl\" role=\"button\">\n\t\t\t\t\t\t<span class=\"elementor-button-content-wrapper\">\n\t\t\t\t\t\t<span class=\"elementor-button-text\">Nous contactez<\/span>\n\t\t<\/span>\n\t\t\t\t\t<\/a>\n\t\t<\/div>\n\t\t\t\t<\/div>\n\t\t\t\t<\/div>\n\t\t\t\t\t<\/div>\n\t\t<\/div>\n\t\t\t\t\t\t\t<\/div>\n\t\t<\/section>\n\t\t\t\t\t\t<\/div>\n\t\t\t\t\t<\/div>\n\t\t","protected":false},"excerpt":{"rendered":"<p>Plomb avant Travaux et D\u00e9molition Le plomb, bien que largement utilis\u00e9 dans le pass\u00e9 pour [&hellip;]<\/p>\n","protected":false},"author":1,"featured_media":0,"parent":0,"menu_order":0,"comment_status":"closed","ping_status":"closed","template":"","meta":{"footnotes":""},"class_list":["post-178","page","type-page","status-publish","hentry"],"_links":{"self":[{"href":"https:\/\/www.cd-diagnostic.fr\/index.php\/wp-json\/wp\/v2\/pages\/178","targetHints":{"allow":["GET"]}}],"collection":[{"href":"https:\/\/www.cd-diagnostic.fr\/index.php\/wp-json\/wp\/v2\/pages"}],"about":[{"href":"https:\/\/www.cd-diagnostic.fr\/index.php\/wp-json\/wp\/v2\/types\/page"}],"author":[{"embeddable":true,"href":"https:\/\/www.cd-diagnostic.fr\/index.php\/wp-json\/wp\/v2\/users\/1"}],"replies":[{"embeddable":true,"href":"https:\/\/www.cd-diagnostic.fr\/index.php\/wp-json\/wp\/v2\/comments?post=178"}],"version-history":[{"count":16,"href":"https:\/\/www.cd-diagnostic.fr\/index.php\/wp-json\/wp\/v2\/pages\/178\/revisions"}],"predecessor-version":[{"id":802,"href":"https:\/\/www.cd-diagnostic.fr\/index.php\/wp-json\/wp\/v2\/pages\/178\/revisions\/802"}],"wp:attachment":[{"href":"https:\/\/www.cd-diagnostic.fr\/index.php\/wp-json\/wp\/v2\/media?parent=178"}],"curies":[{"name":"wp","href":"https:\/\/api.w.org\/{rel}","templated":true}]}}