{"id":546,"date":"2024-08-08T15:30:38","date_gmt":"2024-08-08T13:30:38","guid":{"rendered":"https:\/\/www.cd-diagnostic.fr\/?page_id=546"},"modified":"2024-09-20T10:19:30","modified_gmt":"2024-09-20T08:19:30","slug":"amiante-dta","status":"publish","type":"page","link":"https:\/\/www.cd-diagnostic.fr\/index.php\/amiante-dta\/","title":{"rendered":"Amiante DTA"},"content":{"rendered":"\t\t<div data-elementor-type=\"wp-page\" data-elementor-id=\"546\" class=\"elementor elementor-546\" data-elementor-settings=\"[]\">\n\t\t\t\t\t\t\t<div class=\"elementor-section-wrap\">\n\t\t\t\t\t\t\t<section class=\"elementor-section elementor-top-section elementor-element elementor-element-b329287 elementor-section-boxed elementor-section-height-default elementor-section-height-default\" data-id=\"b329287\" data-element_type=\"section\">\n\t\t\t\t\t\t<div class=\"elementor-container elementor-column-gap-default\">\n\t\t\t\t\t<div class=\"elementor-column elementor-col-100 elementor-top-column elementor-element elementor-element-aca7236\" data-id=\"aca7236\" data-element_type=\"column\">\n\t\t\t<div class=\"elementor-widget-wrap elementor-element-populated\">\n\t\t\t\t\t\t\t\t<div class=\"elementor-element elementor-element-9485aeb elementor-widget elementor-widget-heading\" data-id=\"9485aeb\" data-element_type=\"widget\" data-widget_type=\"heading.default\">\n\t\t\t\t<div class=\"elementor-widget-container\">\n\t\t\t<h2 class=\"elementor-heading-title elementor-size-default\">Amiante DTA<\/h2>\t\t<\/div>\n\t\t\t\t<\/div>\n\t\t\t\t\t<\/div>\n\t\t<\/div>\n\t\t\t\t\t\t\t<\/div>\n\t\t<\/section>\n\t\t\t\t<section class=\"elementor-section elementor-top-section elementor-element elementor-element-8770173 elementor-section-boxed elementor-section-height-default elementor-section-height-default\" data-id=\"8770173\" data-element_type=\"section\">\n\t\t\t\t\t\t<div class=\"elementor-container elementor-column-gap-default\">\n\t\t\t\t\t<div class=\"elementor-column elementor-col-100 elementor-top-column elementor-element elementor-element-ef004f8\" data-id=\"ef004f8\" data-element_type=\"column\">\n\t\t\t<div class=\"elementor-widget-wrap elementor-element-populated\">\n\t\t\t\t\t\t\t\t<div class=\"elementor-element elementor-element-919e236 elementor-widget-divider--view-line elementor-widget elementor-widget-divider\" data-id=\"919e236\" data-element_type=\"widget\" data-widget_type=\"divider.default\">\n\t\t\t\t<div class=\"elementor-widget-container\">\n\t\t\t\t\t<div class=\"elementor-divider\">\n\t\t\t<span class=\"elementor-divider-separator\">\n\t\t\t\t\t\t<\/span>\n\t\t<\/div>\n\t\t\t\t<\/div>\n\t\t\t\t<\/div>\n\t\t\t\t\t<\/div>\n\t\t<\/div>\n\t\t\t\t\t\t\t<\/div>\n\t\t<\/section>\n\t\t\t\t<section class=\"elementor-section elementor-top-section elementor-element elementor-element-79f0282 elementor-section-boxed elementor-section-height-default elementor-section-height-default\" data-id=\"79f0282\" data-element_type=\"section\">\n\t\t\t\t\t\t<div class=\"elementor-container elementor-column-gap-default\">\n\t\t\t\t\t<div class=\"elementor-column elementor-col-100 elementor-top-column elementor-element elementor-element-b0e8342\" data-id=\"b0e8342\" data-element_type=\"column\">\n\t\t\t<div class=\"elementor-widget-wrap elementor-element-populated\">\n\t\t\t\t\t\t\t\t<div class=\"elementor-element elementor-element-ae8e3fa elementor-widget elementor-widget-text-editor\" data-id=\"ae8e3fa\" data-element_type=\"widget\" data-widget_type=\"text-editor.default\">\n\t\t\t\t<div class=\"elementor-widget-container\">\n\t\t\t\t\t<div class=\"elementor-text-editor elementor-clearfix\"><h2>S\u00e9curisez vos Locaux Professionnels<\/h2>\nLe <strong>Diagnostic Technique Amiante (DTA)<\/strong> est une obligation l\u00e9gale pour tout propri\u00e9taire de b\u00e2timent \u00e0 usage commercial ou professionnel dont le permis de construire a \u00e9t\u00e9 d\u00e9livr\u00e9 avant le 1er juillet 1997. Chez <span style=\"color: #126e3b;\"><strong>CD DIAGNOSTIC<\/strong><\/span>, nous r\u00e9alisons des DTA conformes \u00e0 la r\u00e9glementation pour garantir la s\u00e9curit\u00e9 de vos locaux et la protection de vos occupants.<\/div>\n\t\t\t\t<\/div>\n\t\t\t\t<\/div>\n\t\t\t\t\t<\/div>\n\t\t<\/div>\n\t\t\t\t\t\t\t<\/div>\n\t\t<\/section>\n\t\t\t\t<section class=\"elementor-section elementor-top-section elementor-element elementor-element-001a7e3 elementor-section-boxed elementor-section-height-default elementor-section-height-default\" data-id=\"001a7e3\" data-element_type=\"section\">\n\t\t\t\t\t\t<div class=\"elementor-container elementor-column-gap-default\">\n\t\t\t\t\t<div class=\"elementor-column elementor-col-100 elementor-top-column elementor-element elementor-element-724b49d\" data-id=\"724b49d\" data-element_type=\"column\">\n\t\t\t<div class=\"elementor-widget-wrap elementor-element-populated\">\n\t\t\t\t\t\t\t\t<div class=\"elementor-element elementor-element-d7b4494 elementor-widget elementor-widget-spacer\" data-id=\"d7b4494\" data-element_type=\"widget\" data-widget_type=\"spacer.default\">\n\t\t\t\t<div class=\"elementor-widget-container\">\n\t\t\t\t\t<div class=\"elementor-spacer\">\n\t\t\t<div class=\"elementor-spacer-inner\"><\/div>\n\t\t<\/div>\n\t\t\t\t<\/div>\n\t\t\t\t<\/div>\n\t\t\t\t\t<\/div>\n\t\t<\/div>\n\t\t\t\t\t\t\t<\/div>\n\t\t<\/section>\n\t\t\t\t<section class=\"elementor-section elementor-top-section elementor-element elementor-element-f9268f6 elementor-section-boxed elementor-section-height-default elementor-section-height-default\" data-id=\"f9268f6\" data-element_type=\"section\">\n\t\t\t\t\t\t<div class=\"elementor-container elementor-column-gap-default\">\n\t\t\t\t\t<div class=\"elementor-column elementor-col-50 elementor-top-column elementor-element elementor-element-4d1f61a\" data-id=\"4d1f61a\" data-element_type=\"column\">\n\t\t\t<div class=\"elementor-widget-wrap elementor-element-populated\">\n\t\t\t\t\t\t\t\t<div class=\"elementor-element elementor-element-57dda5c elementor-align-center elementor-widget elementor-widget-button\" data-id=\"57dda5c\" data-element_type=\"widget\" data-widget_type=\"button.default\">\n\t\t\t\t<div class=\"elementor-widget-container\">\n\t\t\t\t\t<div class=\"elementor-button-wrapper\">\n\t\t\t<a href=\"\/index.php\/devis\/\" class=\"elementor-button-link elementor-button elementor-size-xl\" role=\"button\">\n\t\t\t\t\t\t<span class=\"elementor-button-content-wrapper\">\n\t\t\t\t\t\t<span class=\"elementor-button-text\">Faire un devis<\/span>\n\t\t<\/span>\n\t\t\t\t\t<\/a>\n\t\t<\/div>\n\t\t\t\t<\/div>\n\t\t\t\t<\/div>\n\t\t\t\t\t<\/div>\n\t\t<\/div>\n\t\t\t\t<div class=\"elementor-column elementor-col-50 elementor-top-column elementor-element elementor-element-428516b\" data-id=\"428516b\" data-element_type=\"column\">\n\t\t\t<div class=\"elementor-widget-wrap elementor-element-populated\">\n\t\t\t\t\t\t\t\t<div class=\"elementor-element elementor-element-bd5b275 elementor-align-center elementor-widget elementor-widget-button\" data-id=\"bd5b275\" data-element_type=\"widget\" data-widget_type=\"button.default\">\n\t\t\t\t<div class=\"elementor-widget-container\">\n\t\t\t\t\t<div class=\"elementor-button-wrapper\">\n\t\t\t<a href=\"\/index.php\/contact\/\" class=\"elementor-button-link elementor-button elementor-size-xl\" role=\"button\">\n\t\t\t\t\t\t<span class=\"elementor-button-content-wrapper\">\n\t\t\t\t\t\t<span class=\"elementor-button-text\">Nous contactez<\/span>\n\t\t<\/span>\n\t\t\t\t\t<\/a>\n\t\t<\/div>\n\t\t\t\t<\/div>\n\t\t\t\t<\/div>\n\t\t\t\t\t<\/div>\n\t\t<\/div>\n\t\t\t\t\t\t\t<\/div>\n\t\t<\/section>\n\t\t\t\t<section class=\"elementor-section elementor-top-section elementor-element elementor-element-577a767 elementor-section-boxed elementor-section-height-default elementor-section-height-default\" data-id=\"577a767\" data-element_type=\"section\">\n\t\t\t\t\t\t<div class=\"elementor-container elementor-column-gap-default\">\n\t\t\t\t\t<div class=\"elementor-column elementor-col-50 elementor-top-column elementor-element elementor-element-b730281\" data-id=\"b730281\" data-element_type=\"column\">\n\t\t\t<div class=\"elementor-widget-wrap elementor-element-populated\">\n\t\t\t\t\t\t\t\t<div class=\"elementor-element elementor-element-a5c504d elementor-widget elementor-widget-text-editor\" data-id=\"a5c504d\" data-element_type=\"widget\" data-widget_type=\"text-editor.default\">\n\t\t\t\t<div class=\"elementor-widget-container\">\n\t\t\t\t\t<div class=\"elementor-text-editor elementor-clearfix\"><p><strong>Assurez la s\u00e9curit\u00e9 de vos locaux commerciaux et professionnels avec notre Diagnostic Technique Amiante (DTA). Conformit\u00e9 et protection garantie pour vos b\u00e2timents !<\/strong><\/p><\/div>\n\t\t\t\t<\/div>\n\t\t\t\t<\/div>\n\t\t\t\t\t<\/div>\n\t\t<\/div>\n\t\t\t\t<div class=\"elementor-column elementor-col-50 elementor-top-column elementor-element elementor-element-dcc5e67\" data-id=\"dcc5e67\" data-element_type=\"column\">\n\t\t\t<div class=\"elementor-widget-wrap elementor-element-populated\">\n\t\t\t\t\t\t\t\t<div class=\"elementor-element elementor-element-79f551b elementor-widget elementor-widget-image\" data-id=\"79f551b\" data-element_type=\"widget\" data-widget_type=\"image.default\">\n\t\t\t\t<div class=\"elementor-widget-container\">\n\t\t\t\t\t<div class=\"elementor-image\">\n\t\t\t\t\t\t\t\t\t\t<img loading=\"lazy\" decoding=\"async\" width=\"790\" height=\"527\" src=\"https:\/\/www.cd-diagnostic.fr\/wp-content\/uploads\/2024\/08\/iStock-1324087810-1024x683.jpg\" class=\"attachment-large size-large\" alt=\"\" srcset=\"https:\/\/www.cd-diagnostic.fr\/wp-content\/uploads\/2024\/08\/iStock-1324087810-1024x683.jpg 1024w, https:\/\/www.cd-diagnostic.fr\/wp-content\/uploads\/2024\/08\/iStock-1324087810-300x200.jpg 300w, https:\/\/www.cd-diagnostic.fr\/wp-content\/uploads\/2024\/08\/iStock-1324087810-768x512.jpg 768w, https:\/\/www.cd-diagnostic.fr\/wp-content\/uploads\/2024\/08\/iStock-1324087810-1536x1024.jpg 1536w, https:\/\/www.cd-diagnostic.fr\/wp-content\/uploads\/2024\/08\/iStock-1324087810-2048x1365.jpg 2048w\" sizes=\"auto, (max-width: 790px) 100vw, 790px\" \/>\t\t\t\t\t\t\t\t\t\t\t<\/div>\n\t\t\t\t<\/div>\n\t\t\t\t<\/div>\n\t\t\t\t\t<\/div>\n\t\t<\/div>\n\t\t\t\t\t\t\t<\/div>\n\t\t<\/section>\n\t\t\t\t<section class=\"elementor-section elementor-top-section elementor-element elementor-element-fd37a05 elementor-section-boxed elementor-section-height-default elementor-section-height-default\" data-id=\"fd37a05\" data-element_type=\"section\">\n\t\t\t\t\t\t<div class=\"elementor-container elementor-column-gap-default\">\n\t\t\t\t\t<div class=\"elementor-column elementor-col-100 elementor-top-column elementor-element elementor-element-b1bd2b3\" data-id=\"b1bd2b3\" data-element_type=\"column\">\n\t\t\t<div class=\"elementor-widget-wrap elementor-element-populated\">\n\t\t\t\t\t\t\t\t<div class=\"elementor-element elementor-element-8dd1f3e elementor-widget elementor-widget-spacer\" data-id=\"8dd1f3e\" data-element_type=\"widget\" data-widget_type=\"spacer.default\">\n\t\t\t\t<div class=\"elementor-widget-container\">\n\t\t\t\t\t<div class=\"elementor-spacer\">\n\t\t\t<div class=\"elementor-spacer-inner\"><\/div>\n\t\t<\/div>\n\t\t\t\t<\/div>\n\t\t\t\t<\/div>\n\t\t\t\t\t<\/div>\n\t\t<\/div>\n\t\t\t\t\t\t\t<\/div>\n\t\t<\/section>\n\t\t\t\t<section class=\"elementor-section elementor-top-section elementor-element elementor-element-a9d736f elementor-section-boxed elementor-section-height-default elementor-section-height-default\" data-id=\"a9d736f\" data-element_type=\"section\">\n\t\t\t\t\t\t<div class=\"elementor-container elementor-column-gap-default\">\n\t\t\t\t\t<div class=\"elementor-column elementor-col-100 elementor-top-column elementor-element elementor-element-415d308\" data-id=\"415d308\" data-element_type=\"column\">\n\t\t\t<div class=\"elementor-widget-wrap elementor-element-populated\">\n\t\t\t\t\t\t\t\t<section class=\"elementor-section elementor-inner-section elementor-element elementor-element-d8ec37f elementor-section-boxed elementor-section-height-default elementor-section-height-default\" data-id=\"d8ec37f\" data-element_type=\"section\">\n\t\t\t\t\t\t<div class=\"elementor-container elementor-column-gap-default\">\n\t\t\t\t\t<div class=\"elementor-column elementor-col-100 elementor-inner-column elementor-element elementor-element-5d44d78\" data-id=\"5d44d78\" data-element_type=\"column\">\n\t\t\t<div class=\"elementor-widget-wrap elementor-element-populated\">\n\t\t\t\t\t\t\t\t<div class=\"elementor-element elementor-element-e26b5f3 elementor-drop-cap-yes elementor-drop-cap-view-default elementor-widget elementor-widget-text-editor\" data-id=\"e26b5f3\" data-element_type=\"widget\" data-settings=\"{&quot;drop_cap&quot;:&quot;yes&quot;}\" data-widget_type=\"text-editor.default\">\n\t\t\t\t<div class=\"elementor-widget-container\">\n\t\t\t\t\t<div class=\"elementor-text-editor elementor-clearfix\"><div class=\"flex-shrink-0 flex flex-col relative items-end\"><div class=\"pt-0\"><div class=\"gizmo-bot-avatar flex h-8 w-8 items-center justify-center overflow-hidden rounded-full\"><div class=\"relative p-1 rounded-sm flex items-center justify-center bg-token-main-surface-primary text-token-text-primary h-8 w-8\"><h3>Qu&rsquo;est-ce que le Diagnostic Technique Amiante (DTA) ?<\/h3><p>Le <strong>DTA<\/strong> est un diagnostic obligatoire qui vise \u00e0 identifier la pr\u00e9sence d\u2019amiante dans les mat\u00e9riaux et produits de construction d\u2019un b\u00e2timent. Ce diagnostic concerne principalement les parties communes des immeubles et les locaux \u00e0 usage commercial, industriel, ou tertiaire. Le rapport DTA doit \u00eatre mis \u00e0 jour r\u00e9guli\u00e8rement et accessible aux occupants et aux entreprises intervenant dans le b\u00e2timent (travaux, maintenance, etc.).<\/p><\/div><\/div><\/div><\/div><\/div>\n\t\t\t\t<\/div>\n\t\t\t\t<\/div>\n\t\t\t\t\t<\/div>\n\t\t<\/div>\n\t\t\t\t\t\t\t<\/div>\n\t\t<\/section>\n\t\t\t\t<section class=\"elementor-section elementor-inner-section elementor-element elementor-element-1bc8c3d elementor-section-boxed elementor-section-height-default elementor-section-height-default\" data-id=\"1bc8c3d\" data-element_type=\"section\">\n\t\t\t\t\t\t<div class=\"elementor-container elementor-column-gap-default\">\n\t\t\t\t\t<div class=\"elementor-column elementor-col-100 elementor-inner-column elementor-element elementor-element-8af3a79\" data-id=\"8af3a79\" data-element_type=\"column\">\n\t\t\t<div class=\"elementor-widget-wrap elementor-element-populated\">\n\t\t\t\t\t\t\t\t<div class=\"elementor-element elementor-element-937e75f elementor-drop-cap-yes elementor-drop-cap-view-default elementor-widget elementor-widget-text-editor\" data-id=\"937e75f\" data-element_type=\"widget\" data-settings=\"{&quot;drop_cap&quot;:&quot;yes&quot;}\" data-widget_type=\"text-editor.default\">\n\t\t\t\t<div class=\"elementor-widget-container\">\n\t\t\t\t\t<div class=\"elementor-text-editor elementor-clearfix\"><h3>Pourquoi le DTA est-il obligatoire ?<\/h3><p>L\u2019amiante, largement utilis\u00e9 dans la construction jusqu&rsquo;\u00e0 son interdiction en 1997, est un mat\u00e9riau tr\u00e8s dangereux pour la sant\u00e9 lorsqu\u2019il est inhal\u00e9 sous forme de fibres. Le <strong>DTA<\/strong> permet :<\/p><ul><li><strong>D\u2019identifier et localiser<\/strong> les mat\u00e9riaux contenant de l\u2019amiante.<\/li><li><strong>De pr\u00e9venir les risques<\/strong> li\u00e9s \u00e0 l\u2019exposition des travailleurs ou des occupants.<\/li><li><strong>De planifier les interventions<\/strong> n\u00e9cessaires, comme le confinement ou le retrait des mat\u00e9riaux amiant\u00e9s en cas de travaux.<\/li><\/ul><\/div>\n\t\t\t\t<\/div>\n\t\t\t\t<\/div>\n\t\t\t\t\t<\/div>\n\t\t<\/div>\n\t\t\t\t\t\t\t<\/div>\n\t\t<\/section>\n\t\t\t\t<section class=\"elementor-section elementor-inner-section elementor-element elementor-element-a9f204a elementor-section-boxed elementor-section-height-default elementor-section-height-default\" data-id=\"a9f204a\" data-element_type=\"section\">\n\t\t\t\t\t\t<div class=\"elementor-container elementor-column-gap-default\">\n\t\t\t\t\t<div class=\"elementor-column elementor-col-100 elementor-inner-column elementor-element elementor-element-8c84d4a\" data-id=\"8c84d4a\" data-element_type=\"column\">\n\t\t\t<div class=\"elementor-widget-wrap elementor-element-populated\">\n\t\t\t\t\t\t\t\t<div class=\"elementor-element elementor-element-b102e58 elementor-drop-cap-yes elementor-drop-cap-view-default elementor-widget elementor-widget-text-editor\" data-id=\"b102e58\" data-element_type=\"widget\" data-settings=\"{&quot;drop_cap&quot;:&quot;yes&quot;}\" data-widget_type=\"text-editor.default\">\n\t\t\t\t<div class=\"elementor-widget-container\">\n\t\t\t\t\t<div class=\"elementor-text-editor elementor-clearfix\"><h3>\u00c0 qui s&rsquo;adresse le DTA ?<\/h3><p>Le DTA est obligatoire pour les propri\u00e9taires de <strong>b\u00e2timents \u00e0 usage commercial ou industriel<\/strong>, ainsi que pour les <strong>locaux professionnels<\/strong> construits avant le 1er juillet 1997. Cela inclut les :<\/p><ul><li><strong>Locaux commerciaux<\/strong> (boutiques, bureaux, centres commerciaux, etc.).<\/li><li><strong>B\u00e2timents industriels<\/strong> (usines, entrep\u00f4ts, ateliers).<\/li><li><strong>\u00c9tablissements recevant du public<\/strong> (ERP) comme les \u00e9coles, h\u00f4pitaux, ou administrations.<\/li><\/ul><\/div>\n\t\t\t\t<\/div>\n\t\t\t\t<\/div>\n\t\t\t\t\t<\/div>\n\t\t<\/div>\n\t\t\t\t\t\t\t<\/div>\n\t\t<\/section>\n\t\t\t\t\t<\/div>\n\t\t<\/div>\n\t\t\t\t\t\t\t<\/div>\n\t\t<\/section>\n\t\t\t\t\t\t<\/div>\n\t\t\t\t\t<\/div>\n\t\t","protected":false},"excerpt":{"rendered":"<p>Amiante DTA S\u00e9curisez vos Locaux Professionnels Le Diagnostic Technique Amiante (DTA) est une obligation l\u00e9gale [&hellip;]<\/p>\n","protected":false},"author":1,"featured_media":0,"parent":0,"menu_order":0,"comment_status":"closed","ping_status":"closed","template":"","meta":{"footnotes":""},"class_list":["post-546","page","type-page","status-publish","hentry"],"_links":{"self":[{"href":"https:\/\/www.cd-diagnostic.fr\/index.php\/wp-json\/wp\/v2\/pages\/546","targetHints":{"allow":["GET"]}}],"collection":[{"href":"https:\/\/www.cd-diagnostic.fr\/index.php\/wp-json\/wp\/v2\/pages"}],"about":[{"href":"https:\/\/www.cd-diagnostic.fr\/index.php\/wp-json\/wp\/v2\/types\/page"}],"author":[{"embeddable":true,"href":"https:\/\/www.cd-diagnostic.fr\/index.php\/wp-json\/wp\/v2\/users\/1"}],"replies":[{"embeddable":true,"href":"https:\/\/www.cd-diagnostic.fr\/index.php\/wp-json\/wp\/v2\/comments?post=546"}],"version-history":[{"count":13,"href":"https:\/\/www.cd-diagnostic.fr\/index.php\/wp-json\/wp\/v2\/pages\/546\/revisions"}],"predecessor-version":[{"id":805,"href":"https:\/\/www.cd-diagnostic.fr\/index.php\/wp-json\/wp\/v2\/pages\/546\/revisions\/805"}],"wp:attachment":[{"href":"https:\/\/www.cd-diagnostic.fr\/index.php\/wp-json\/wp\/v2\/media?parent=546"}],"curies":[{"name":"wp","href":"https:\/\/api.w.org\/{rel}","templated":true}]}}