{"id":587,"date":"2024-08-08T16:18:26","date_gmt":"2024-08-08T14:18:26","guid":{"rendered":"https:\/\/www.cd-diagnostic.fr\/?page_id=587"},"modified":"2024-09-09T15:21:12","modified_gmt":"2024-09-09T13:21:12","slug":"politique-de-confidentialite","status":"publish","type":"page","link":"https:\/\/www.cd-diagnostic.fr\/index.php\/politique-de-confidentialite\/","title":{"rendered":"Politique de confidentialit\u00e9"},"content":{"rendered":"\t\t<div data-elementor-type=\"wp-page\" data-elementor-id=\"587\" class=\"elementor elementor-587\" data-elementor-settings=\"[]\">\n\t\t\t\t\t\t\t<div class=\"elementor-section-wrap\">\n\t\t\t\t\t\t\t<section class=\"elementor-section elementor-top-section elementor-element elementor-element-ff6f8d9 elementor-section-boxed elementor-section-height-default elementor-section-height-default\" data-id=\"ff6f8d9\" data-element_type=\"section\">\n\t\t\t\t\t\t<div class=\"elementor-container elementor-column-gap-default\">\n\t\t\t\t\t<div class=\"elementor-column elementor-col-100 elementor-top-column elementor-element elementor-element-a279511\" data-id=\"a279511\" data-element_type=\"column\">\n\t\t\t<div class=\"elementor-widget-wrap elementor-element-populated\">\n\t\t\t\t\t\t\t\t<div class=\"elementor-element elementor-element-f8563b4 elementor-widget elementor-widget-heading\" data-id=\"f8563b4\" data-element_type=\"widget\" data-widget_type=\"heading.default\">\n\t\t\t\t<div class=\"elementor-widget-container\">\n\t\t\t<h2 class=\"elementor-heading-title elementor-size-default\">Politique de confidentialit\u00e9 \n<\/h2>\t\t<\/div>\n\t\t\t\t<\/div>\n\t\t\t\t\t<\/div>\n\t\t<\/div>\n\t\t\t\t\t\t\t<\/div>\n\t\t<\/section>\n\t\t\t\t<section class=\"elementor-section elementor-top-section elementor-element elementor-element-1236859 elementor-section-boxed elementor-section-height-default elementor-section-height-default\" data-id=\"1236859\" data-element_type=\"section\">\n\t\t\t\t\t\t<div class=\"elementor-container elementor-column-gap-default\">\n\t\t\t\t\t<div class=\"elementor-column elementor-col-100 elementor-top-column elementor-element elementor-element-65793ce\" data-id=\"65793ce\" data-element_type=\"column\">\n\t\t\t<div class=\"elementor-widget-wrap elementor-element-populated\">\n\t\t\t\t\t\t\t\t<div class=\"elementor-element elementor-element-2707e48 elementor-widget-divider--separator-type-pattern elementor-widget-divider--view-line elementor-widget elementor-widget-divider\" data-id=\"2707e48\" data-element_type=\"widget\" data-widget_type=\"divider.default\">\n\t\t\t\t<div class=\"elementor-widget-container\">\n\t\t\t\t\t<div class=\"elementor-divider\" style=\"--divider-pattern-url: url(&quot;data:image\/svg+xml,%3Csvg xmlns=&#039;http:\/\/www.w3.org\/2000\/svg&#039; preserveAspectRatio=&#039;none&#039; overflow=&#039;visible&#039; height=&#039;100%&#039; viewBox=&#039;0 0 24 24&#039; fill=&#039;black&#039; stroke=&#039;none&#039;%3E%3Cpath d=&#039;M12.7,2.3c-0.4-0.4-1.1-0.4-1.5,0l-8,9.1c-0.3,0.4-0.3,0.9,0,1.2l8,9.1c0.4,0.4,1.1,0.4,1.5,0l8-9.1c0.3-0.4,0.3-0.9,0-1.2L12.7,2.3z&#039;\/%3E%3C\/svg%3E&quot;);\">\n\t\t\t<span class=\"elementor-divider-separator\">\n\t\t\t\t\t\t<\/span>\n\t\t<\/div>\n\t\t\t\t<\/div>\n\t\t\t\t<\/div>\n\t\t\t\t\t<\/div>\n\t\t<\/div>\n\t\t\t\t\t\t\t<\/div>\n\t\t<\/section>\n\t\t\t\t<section class=\"elementor-section elementor-top-section elementor-element elementor-element-94af88e elementor-section-boxed elementor-section-height-default elementor-section-height-default\" data-id=\"94af88e\" data-element_type=\"section\">\n\t\t\t\t\t\t<div class=\"elementor-container elementor-column-gap-default\">\n\t\t\t\t\t<div class=\"elementor-column elementor-col-100 elementor-top-column elementor-element elementor-element-1d53141\" data-id=\"1d53141\" data-element_type=\"column\">\n\t\t\t<div class=\"elementor-widget-wrap elementor-element-populated\">\n\t\t\t\t\t\t\t\t<section class=\"elementor-section elementor-inner-section elementor-element elementor-element-8bc612f elementor-section-boxed elementor-section-height-default elementor-section-height-default\" data-id=\"8bc612f\" data-element_type=\"section\">\n\t\t\t\t\t\t<div class=\"elementor-container elementor-column-gap-default\">\n\t\t\t\t\t<div class=\"elementor-column elementor-col-100 elementor-inner-column elementor-element elementor-element-00de6cc\" data-id=\"00de6cc\" data-element_type=\"column\">\n\t\t\t<div class=\"elementor-widget-wrap elementor-element-populated\">\n\t\t\t\t\t\t\t\t<div class=\"elementor-element elementor-element-55dd3f9 elementor-widget elementor-widget-text-editor\" data-id=\"55dd3f9\" data-element_type=\"widget\" data-widget_type=\"text-editor.default\">\n\t\t\t\t<div class=\"elementor-widget-container\">\n\t\t\t\t\t<div class=\"elementor-text-editor elementor-clearfix\"><h3 style=\"color: #126E3B;\">1. Collecte des informations personnelles<\/h3>\nNous recueillons des informations personnelles via les formulaires \u00ab\u00a0Devis\u00a0\u00bb et \u00ab\u00a0Contactez-nous\u00a0\u00bb, notamment votre nom, pr\u00e9nom, adresse e-mail, num\u00e9ro de t\u00e9l\u00e9phone, et les informations que vous nous fournissez pour r\u00e9pondre \u00e0 vos demandes.<\/div>\n\t\t\t\t<\/div>\n\t\t\t\t<\/div>\n\t\t\t\t\t<\/div>\n\t\t<\/div>\n\t\t\t\t\t\t\t<\/div>\n\t\t<\/section>\n\t\t\t\t<section class=\"elementor-section elementor-inner-section elementor-element elementor-element-345190d elementor-section-boxed elementor-section-height-default elementor-section-height-default\" data-id=\"345190d\" data-element_type=\"section\">\n\t\t\t\t\t\t<div class=\"elementor-container elementor-column-gap-default\">\n\t\t\t\t\t<div class=\"elementor-column elementor-col-100 elementor-inner-column elementor-element elementor-element-73212f7\" data-id=\"73212f7\" data-element_type=\"column\">\n\t\t\t<div class=\"elementor-widget-wrap elementor-element-populated\">\n\t\t\t\t\t\t\t\t<div class=\"elementor-element elementor-element-4b84de7 elementor-widget elementor-widget-text-editor\" data-id=\"4b84de7\" data-element_type=\"widget\" data-widget_type=\"text-editor.default\">\n\t\t\t\t<div class=\"elementor-widget-container\">\n\t\t\t\t\t<div class=\"elementor-text-editor elementor-clearfix\"><h3 style=\"color: #126E3B;\">2. Utilisation des donn\u00e9es personnelles<\/h3>\nLes donn\u00e9es collect\u00e9es sont utilis\u00e9es uniquement dans le cadre des finalit\u00e9s pour lesquelles vous nous les avez fournies, notamment :\n<ul>\n \t<li><strong>R\u00e9pondre \u00e0 vos demandes de devis ou d&rsquo;informations<\/strong> via nos formulaires.<\/li>\n \t<li><strong>Vous contacter<\/strong> pour des informations suppl\u00e9mentaires li\u00e9es \u00e0 vos demandes.<\/li>\n \t<li><strong>Fournir nos services<\/strong> et traiter vos demandes commerciales ou de conseils.<\/li>\n<\/ul>\nNous ne vendons, louons, ou \u00e9changeons jamais vos donn\u00e9es personnelles avec des tiers sans votre consentement explicite, sauf obligation l\u00e9gale ou r\u00e9glementaire.<\/div>\n\t\t\t\t<\/div>\n\t\t\t\t<\/div>\n\t\t\t\t\t<\/div>\n\t\t<\/div>\n\t\t\t\t\t\t\t<\/div>\n\t\t<\/section>\n\t\t\t\t<section class=\"elementor-section elementor-inner-section elementor-element elementor-element-4644d6b elementor-section-boxed elementor-section-height-default elementor-section-height-default\" data-id=\"4644d6b\" data-element_type=\"section\">\n\t\t\t\t\t\t<div class=\"elementor-container elementor-column-gap-default\">\n\t\t\t\t\t<div class=\"elementor-column elementor-col-100 elementor-inner-column elementor-element elementor-element-571c10f\" data-id=\"571c10f\" data-element_type=\"column\">\n\t\t\t<div class=\"elementor-widget-wrap elementor-element-populated\">\n\t\t\t\t\t\t\t\t<div class=\"elementor-element elementor-element-4d304aa elementor-widget elementor-widget-text-editor\" data-id=\"4d304aa\" data-element_type=\"widget\" data-widget_type=\"text-editor.default\">\n\t\t\t\t<div class=\"elementor-widget-container\">\n\t\t\t\t\t<div class=\"elementor-text-editor elementor-clearfix\"><h3 style=\"color: #126e3b;\">3. Dur\u00e9e de conservation des donn\u00e9es<\/h3><p>Les informations collect\u00e9es via les formulaires sont conserv\u00e9es pour une dur\u00e9e de <strong>3 ans <\/strong>apr\u00e8s la derni\u00e8re interaction avec vous, conform\u00e9ment \u00e0 la l\u00e9gislation en vigueur.<\/p><\/div>\n\t\t\t\t<\/div>\n\t\t\t\t<\/div>\n\t\t\t\t\t<\/div>\n\t\t<\/div>\n\t\t\t\t\t\t\t<\/div>\n\t\t<\/section>\n\t\t\t\t<section class=\"elementor-section elementor-inner-section elementor-element elementor-element-cc5aa0b elementor-section-boxed elementor-section-height-default elementor-section-height-default\" data-id=\"cc5aa0b\" data-element_type=\"section\">\n\t\t\t\t\t\t<div class=\"elementor-container elementor-column-gap-default\">\n\t\t\t\t\t<div class=\"elementor-column elementor-col-100 elementor-inner-column elementor-element elementor-element-024eab1\" data-id=\"024eab1\" data-element_type=\"column\">\n\t\t\t<div class=\"elementor-widget-wrap elementor-element-populated\">\n\t\t\t\t\t\t\t\t<div class=\"elementor-element elementor-element-de1a81b elementor-widget elementor-widget-text-editor\" data-id=\"de1a81b\" data-element_type=\"widget\" data-widget_type=\"text-editor.default\">\n\t\t\t\t<div class=\"elementor-widget-container\">\n\t\t\t\t\t<div class=\"elementor-text-editor elementor-clearfix\"><h3 style=\"color: #126e3b;\">4. Droit d&rsquo;acc\u00e8s, de rectification et de suppression<\/h3>\n<p>Conform\u00e9ment au <strong>R\u00e8glement G\u00e9n\u00e9ral sur la Protection des Donn\u00e9es (RGPD)<\/strong> et \u00e0 la loi <strong>Informatique et Libert\u00e9s<\/strong> du 6 janvier 1978 modifi\u00e9e, vous disposez des droits suivants concernant vos donn\u00e9es personnelles :<\/p>\n<ul>\n<li><strong>Acc\u00e8s<\/strong> : Vous avez le droit d\u2019acc\u00e9der aux donn\u00e9es personnelles que nous avons collect\u00e9es \u00e0 votre sujet.<\/li>\n<li><strong>Rectification<\/strong> : Vous pouvez demander la correction de donn\u00e9es inexactes ou incompl\u00e8tes.<\/li>\n<li><strong>Suppression<\/strong> : Vous pouvez demander la suppression de vos donn\u00e9es personnelles (sauf si celles-ci sont n\u00e9cessaires \u00e0 des obligations l\u00e9gales).<br>Pour exercer ces droits, veuillez nous contacter par e-mail \u00e0 <strong>contact@cd-diagnostic.com<\/strong>&nbsp;ou par courrier \u00e0 l&rsquo;adresse suivante :<br>12 B ALLEE ETIENNE LAURENT,<br>93390 CLICHY-SOUS-BOIS.<\/li>\n<\/ul><\/div>\n\t\t\t\t<\/div>\n\t\t\t\t<\/div>\n\t\t\t\t\t<\/div>\n\t\t<\/div>\n\t\t\t\t\t\t\t<\/div>\n\t\t<\/section>\n\t\t\t\t<section class=\"elementor-section elementor-inner-section elementor-element elementor-element-97a2340 elementor-section-boxed elementor-section-height-default elementor-section-height-default\" data-id=\"97a2340\" data-element_type=\"section\">\n\t\t\t\t\t\t<div class=\"elementor-container elementor-column-gap-default\">\n\t\t\t\t\t<div class=\"elementor-column elementor-col-100 elementor-inner-column elementor-element elementor-element-c217eb2\" data-id=\"c217eb2\" data-element_type=\"column\">\n\t\t\t<div class=\"elementor-widget-wrap elementor-element-populated\">\n\t\t\t\t\t\t\t\t<div class=\"elementor-element elementor-element-5626cd8 elementor-widget elementor-widget-text-editor\" data-id=\"5626cd8\" data-element_type=\"widget\" data-widget_type=\"text-editor.default\">\n\t\t\t\t<div class=\"elementor-widget-container\">\n\t\t\t\t\t<div class=\"elementor-text-editor elementor-clearfix\"><h3 style=\"color: #126E3B;\">5. Partage des donn\u00e9es personnelles<\/h3>\nVos informations ne sont partag\u00e9es qu&rsquo;avec les membres de notre \u00e9quipe qui en ont besoin pour traiter votre demande. Dans certains cas, vos informations peuvent \u00eatre transmises \u00e0 des partenaires ou sous-traitants qui participent \u00e0 la gestion ou \u00e0 la r\u00e9alisation de vos demandes (comme un prestataire d&rsquo;h\u00e9bergement). Ces partenaires sont \u00e9galement tenus de respecter la confidentialit\u00e9 et la s\u00e9curit\u00e9 de vos donn\u00e9es.<\/div>\n\t\t\t\t<\/div>\n\t\t\t\t<\/div>\n\t\t\t\t\t<\/div>\n\t\t<\/div>\n\t\t\t\t\t\t\t<\/div>\n\t\t<\/section>\n\t\t\t\t<section class=\"elementor-section elementor-inner-section elementor-element elementor-element-5b40c4b elementor-section-boxed elementor-section-height-default elementor-section-height-default\" data-id=\"5b40c4b\" data-element_type=\"section\">\n\t\t\t\t\t\t<div class=\"elementor-container elementor-column-gap-default\">\n\t\t\t\t\t<div class=\"elementor-column elementor-col-100 elementor-inner-column elementor-element elementor-element-d468c29\" data-id=\"d468c29\" data-element_type=\"column\">\n\t\t\t<div class=\"elementor-widget-wrap elementor-element-populated\">\n\t\t\t\t\t\t\t\t<div class=\"elementor-element elementor-element-db3484a elementor-widget elementor-widget-text-editor\" data-id=\"db3484a\" data-element_type=\"widget\" data-widget_type=\"text-editor.default\">\n\t\t\t\t<div class=\"elementor-widget-container\">\n\t\t\t\t\t<div class=\"elementor-text-editor elementor-clearfix\"><h3 style=\"color: #126E3B;\">6. S\u00e9curit\u00e9 des donn\u00e9es<\/h3>\nNous mettons en \u0153uvre des mesures techniques et organisationnelles appropri\u00e9es pour garantir la s\u00e9curit\u00e9 de vos donn\u00e9es personnelles et pr\u00e9venir leur perte, alt\u00e9ration, ou acc\u00e8s non autoris\u00e9.<\/div>\n\t\t\t\t<\/div>\n\t\t\t\t<\/div>\n\t\t\t\t<div class=\"elementor-element elementor-element-a6e6b85 elementor-widget elementor-widget-text-editor\" data-id=\"a6e6b85\" data-element_type=\"widget\" data-widget_type=\"text-editor.default\">\n\t\t\t\t<div class=\"elementor-widget-container\">\n\t\t\t\t\t<div class=\"elementor-text-editor elementor-clearfix\"><h3 style=\"color: #126e3b;\">7. Utilisation des cookies<\/h3><p>Notre site web utilise des <strong>cookies<\/strong> pour am\u00e9liorer l&rsquo;exp\u00e9rience utilisateur et analyser le trafic. Les cookies sont de petits fichiers stock\u00e9s sur votre appareil lorsque vous visitez notre site. Vous pouvez choisir de refuser ou de supprimer les cookies en modifiant les param\u00e8tres de votre navigateur.<\/p><p>Les cookies que nous utilisons peuvent inclure :<\/p><ul><li><strong>Cookies d&rsquo;analyse<\/strong> : Pour comprendre comment les utilisateurs interagissent avec notre site et am\u00e9liorer nos services.<\/li><li><strong>Cookies fonctionnels<\/strong> : Pour assurer le bon fonctionnement du site (comme la m\u00e9morisation de vos pr\u00e9f\u00e9rences).<\/li><\/ul><\/div>\n\t\t\t\t<\/div>\n\t\t\t\t<\/div>\n\t\t\t\t<div class=\"elementor-element elementor-element-65cdc59 elementor-widget elementor-widget-text-editor\" data-id=\"65cdc59\" data-element_type=\"widget\" data-widget_type=\"text-editor.default\">\n\t\t\t\t<div class=\"elementor-widget-container\">\n\t\t\t\t\t<div class=\"elementor-text-editor elementor-clearfix\"><h3 style=\"color: #126e3b;\">8. Modifications de la politique de confidentialit\u00e9<\/h3><p>Nous nous r\u00e9servons le droit de mettre \u00e0 jour cette politique de confidentialit\u00e9 \u00e0 tout moment, notamment pour se conformer \u00e0 toute \u00e9volution l\u00e9gislative ou r\u00e9glementaire.<br \/>Nous vous encourageons \u00e0 consulter r\u00e9guli\u00e8rement cette page pour rester inform\u00e9 de tout changement.<\/p><\/div>\n\t\t\t\t<\/div>\n\t\t\t\t<\/div>\n\t\t\t\t<div class=\"elementor-element elementor-element-00b70dd elementor-widget elementor-widget-text-editor\" data-id=\"00b70dd\" data-element_type=\"widget\" data-widget_type=\"text-editor.default\">\n\t\t\t\t<div class=\"elementor-widget-container\">\n\t\t\t\t\t<div class=\"elementor-text-editor elementor-clearfix\"><h3 style=\"color: #126e3b;\">9. Contact<\/h3><p>Pour toute question ou demande concernant cette politique de confidentialit\u00e9, vous pouvez nous contacter via les informations suivantes :<br \/><strong>Email<\/strong> : contact@cd-diagnostic.com<br \/><strong>Adresse postale<\/strong> : 12 B ALLEE ETIENNE LAURENT, 93390 CLICHY-SOUS-BOIS<\/p><\/div>\n\t\t\t\t<\/div>\n\t\t\t\t<\/div>\n\t\t\t\t\t<\/div>\n\t\t<\/div>\n\t\t\t\t\t\t\t<\/div>\n\t\t<\/section>\n\t\t\t\t\t<\/div>\n\t\t<\/div>\n\t\t\t\t\t\t\t<\/div>\n\t\t<\/section>\n\t\t\t\t\t\t<\/div>\n\t\t\t\t\t<\/div>\n\t\t","protected":false},"excerpt":{"rendered":"<p>Politique de confidentialit\u00e9 1. Collecte des informations personnelles Nous recueillons des informations personnelles via les [&hellip;]<\/p>\n","protected":false},"author":1,"featured_media":0,"parent":0,"menu_order":0,"comment_status":"closed","ping_status":"closed","template":"","meta":{"footnotes":""},"class_list":["post-587","page","type-page","status-publish","hentry"],"_links":{"self":[{"href":"https:\/\/www.cd-diagnostic.fr\/index.php\/wp-json\/wp\/v2\/pages\/587","targetHints":{"allow":["GET"]}}],"collection":[{"href":"https:\/\/www.cd-diagnostic.fr\/index.php\/wp-json\/wp\/v2\/pages"}],"about":[{"href":"https:\/\/www.cd-diagnostic.fr\/index.php\/wp-json\/wp\/v2\/types\/page"}],"author":[{"embeddable":true,"href":"https:\/\/www.cd-diagnostic.fr\/index.php\/wp-json\/wp\/v2\/users\/1"}],"replies":[{"embeddable":true,"href":"https:\/\/www.cd-diagnostic.fr\/index.php\/wp-json\/wp\/v2\/comments?post=587"}],"version-history":[{"count":4,"href":"https:\/\/www.cd-diagnostic.fr\/index.php\/wp-json\/wp\/v2\/pages\/587\/revisions"}],"predecessor-version":[{"id":694,"href":"https:\/\/www.cd-diagnostic.fr\/index.php\/wp-json\/wp\/v2\/pages\/587\/revisions\/694"}],"wp:attachment":[{"href":"https:\/\/www.cd-diagnostic.fr\/index.php\/wp-json\/wp\/v2\/media?parent=587"}],"curies":[{"name":"wp","href":"https:\/\/api.w.org\/{rel}","templated":true}]}}