{"id":626,"date":"2024-08-09T00:00:37","date_gmt":"2024-08-08T22:00:37","guid":{"rendered":"https:\/\/www.cd-diagnostic.fr\/?page_id=626"},"modified":"2024-09-09T15:22:59","modified_gmt":"2024-09-09T13:22:59","slug":"mentions-legales","status":"publish","type":"page","link":"https:\/\/www.cd-diagnostic.fr\/index.php\/mentions-legales\/","title":{"rendered":"Mentions l\u00e9gales"},"content":{"rendered":"\t\t<div data-elementor-type=\"wp-page\" data-elementor-id=\"626\" class=\"elementor elementor-626\" data-elementor-settings=\"[]\">\n\t\t\t\t\t\t\t<div class=\"elementor-section-wrap\">\n\t\t\t\t\t\t\t<section class=\"elementor-section elementor-top-section elementor-element elementor-element-8149c5c elementor-section-boxed elementor-section-height-default elementor-section-height-default\" data-id=\"8149c5c\" data-element_type=\"section\">\n\t\t\t\t\t\t<div class=\"elementor-container elementor-column-gap-default\">\n\t\t\t\t\t<div class=\"elementor-column elementor-col-100 elementor-top-column elementor-element elementor-element-af02e43\" data-id=\"af02e43\" data-element_type=\"column\">\n\t\t\t<div class=\"elementor-widget-wrap elementor-element-populated\">\n\t\t\t\t\t\t\t\t<div class=\"elementor-element elementor-element-7df78aa elementor-widget elementor-widget-heading\" data-id=\"7df78aa\" data-element_type=\"widget\" data-widget_type=\"heading.default\">\n\t\t\t\t<div class=\"elementor-widget-container\">\n\t\t\t<h2 class=\"elementor-heading-title elementor-size-default\">Mentions L\u00e9gales !<\/h2>\t\t<\/div>\n\t\t\t\t<\/div>\n\t\t\t\t\t<\/div>\n\t\t<\/div>\n\t\t\t\t\t\t\t<\/div>\n\t\t<\/section>\n\t\t\t\t<section class=\"elementor-section elementor-top-section elementor-element elementor-element-4766b70 elementor-section-boxed elementor-section-height-default elementor-section-height-default\" data-id=\"4766b70\" data-element_type=\"section\">\n\t\t\t\t\t\t<div class=\"elementor-container elementor-column-gap-default\">\n\t\t\t\t\t<div class=\"elementor-column elementor-col-100 elementor-top-column elementor-element elementor-element-71a0d7f\" data-id=\"71a0d7f\" data-element_type=\"column\">\n\t\t\t<div class=\"elementor-widget-wrap elementor-element-populated\">\n\t\t\t\t\t\t\t\t<div class=\"elementor-element elementor-element-841fd01 elementor-widget-divider--separator-type-pattern elementor-widget-divider--view-line elementor-widget elementor-widget-divider\" data-id=\"841fd01\" data-element_type=\"widget\" data-widget_type=\"divider.default\">\n\t\t\t\t<div class=\"elementor-widget-container\">\n\t\t\t\t\t<div class=\"elementor-divider\" style=\"--divider-pattern-url: url(&quot;data:image\/svg+xml,%3Csvg xmlns=&#039;http:\/\/www.w3.org\/2000\/svg&#039; preserveAspectRatio=&#039;none&#039; overflow=&#039;visible&#039; height=&#039;100%&#039; viewBox=&#039;0 0 24 24&#039; fill=&#039;black&#039; stroke=&#039;none&#039;%3E%3Cpath d=&#039;M12.7,2.3c-0.4-0.4-1.1-0.4-1.5,0l-8,9.1c-0.3,0.4-0.3,0.9,0,1.2l8,9.1c0.4,0.4,1.1,0.4,1.5,0l8-9.1c0.3-0.4,0.3-0.9,0-1.2L12.7,2.3z&#039;\/%3E%3C\/svg%3E&quot;);\">\n\t\t\t<span class=\"elementor-divider-separator\">\n\t\t\t\t\t\t<\/span>\n\t\t<\/div>\n\t\t\t\t<\/div>\n\t\t\t\t<\/div>\n\t\t\t\t\t<\/div>\n\t\t<\/div>\n\t\t\t\t\t\t\t<\/div>\n\t\t<\/section>\n\t\t\t\t<section class=\"elementor-section elementor-top-section elementor-element elementor-element-56c9839 elementor-section-boxed elementor-section-height-default elementor-section-height-default\" data-id=\"56c9839\" data-element_type=\"section\">\n\t\t\t\t\t\t<div class=\"elementor-container elementor-column-gap-default\">\n\t\t\t\t\t<div class=\"elementor-column elementor-col-100 elementor-top-column elementor-element elementor-element-5f3b47c\" data-id=\"5f3b47c\" data-element_type=\"column\">\n\t\t\t<div class=\"elementor-widget-wrap elementor-element-populated\">\n\t\t\t\t\t\t\t\t<section class=\"elementor-section elementor-inner-section elementor-element elementor-element-f0ff53c elementor-section-boxed elementor-section-height-default elementor-section-height-default\" data-id=\"f0ff53c\" data-element_type=\"section\">\n\t\t\t\t\t\t<div class=\"elementor-container elementor-column-gap-default\">\n\t\t\t\t\t<div class=\"elementor-column elementor-col-100 elementor-inner-column elementor-element elementor-element-53cd838\" data-id=\"53cd838\" data-element_type=\"column\">\n\t\t\t<div class=\"elementor-widget-wrap elementor-element-populated\">\n\t\t\t\t\t\t\t\t<div class=\"elementor-element elementor-element-85dc161 elementor-widget elementor-widget-text-editor\" data-id=\"85dc161\" data-element_type=\"widget\" data-widget_type=\"text-editor.default\">\n\t\t\t\t<div class=\"elementor-widget-container\">\n\t\t\t\t\t<div class=\"elementor-text-editor elementor-clearfix\"><h3 style=\"color: #126E3B;\">1. \u00c9diteur du site<\/h3>\n<p>Le pr\u00e9sent site est \u00e9dit\u00e9 par :<br><strong>Nom de l&rsquo;entreprise<\/strong> : CD DIAGNOSTIC<br><strong>Forme juridique<\/strong> : SAS<br><strong>Adresse du si\u00e8ge social<\/strong> : 12 B ALLEE ETIENNE LAURENT, 93390 CLICHY-SOUS-BOIS<br><strong>T\u00e9l\u00e9phone<\/strong> :&nbsp;<span style=\"font-size: 15px;\">06 41 24 03 56<\/span><br style=\"font-size: 15px; font-weight: 600;\"><strong>Email<\/strong> : contact@cd-diagnostic.com<br><strong>Num\u00e9ro SIRET<\/strong> : 93008548500017<br><strong>Directeur de la publication<\/strong> : M. Matthieu KOCASLAN<\/p><\/div>\n\t\t\t\t<\/div>\n\t\t\t\t<\/div>\n\t\t\t\t\t<\/div>\n\t\t<\/div>\n\t\t\t\t\t\t\t<\/div>\n\t\t<\/section>\n\t\t\t\t<section class=\"elementor-section elementor-inner-section elementor-element elementor-element-84f6098 elementor-section-boxed elementor-section-height-default elementor-section-height-default\" data-id=\"84f6098\" data-element_type=\"section\">\n\t\t\t\t\t\t<div class=\"elementor-container elementor-column-gap-default\">\n\t\t\t\t\t<div class=\"elementor-column elementor-col-100 elementor-inner-column elementor-element elementor-element-d578de8\" data-id=\"d578de8\" data-element_type=\"column\">\n\t\t\t<div class=\"elementor-widget-wrap elementor-element-populated\">\n\t\t\t\t\t\t\t\t<div class=\"elementor-element elementor-element-7c289d2 elementor-widget elementor-widget-text-editor\" data-id=\"7c289d2\" data-element_type=\"widget\" data-widget_type=\"text-editor.default\">\n\t\t\t\t<div class=\"elementor-widget-container\">\n\t\t\t\t\t<div class=\"elementor-text-editor elementor-clearfix\"><h3 style=\"color: #126E3B;\">2. H\u00e9bergement du site<\/h3>\n<p>L\u2019h\u00e9bergement du site est assur\u00e9 par :<br><strong style=\"font-family: var( --e-global-typography-text-font-family ), Sans-serif;\">H\u00e9bergeur<\/strong><span style=\"font-family: var( --e-global-typography-text-font-family ), Sans-serif;\"><span style=\"font-weight: var( --e-global-typography-text-font-weight );\"> : OVH<\/span><br><\/span><strong style=\"font-family: var( --e-global-typography-text-font-family ), Sans-serif;\">Adresse de l&rsquo;h\u00e9bergeur<\/strong><span style=\"font-family: var( --e-global-typography-text-font-family ), Sans-serif; font-weight: var( --e-global-typography-text-font-weight );\"> :&nbsp;<\/span><span style=\"font-family: var( --e-global-typography-text-font-family ), Sans-serif; font-weight: var( --e-global-typography-text-font-weight ); color: rgb(29, 29, 29);\">2 rue Kellermann 59100 Roubaix.<\/span><\/p><\/div>\n\t\t\t\t<\/div>\n\t\t\t\t<\/div>\n\t\t\t\t\t<\/div>\n\t\t<\/div>\n\t\t\t\t\t\t\t<\/div>\n\t\t<\/section>\n\t\t\t\t<section class=\"elementor-section elementor-inner-section elementor-element elementor-element-a841fb1 elementor-section-boxed elementor-section-height-default elementor-section-height-default\" data-id=\"a841fb1\" data-element_type=\"section\">\n\t\t\t\t\t\t<div class=\"elementor-container elementor-column-gap-default\">\n\t\t\t\t\t<div class=\"elementor-column elementor-col-100 elementor-inner-column elementor-element elementor-element-6e42f26\" data-id=\"6e42f26\" data-element_type=\"column\">\n\t\t\t<div class=\"elementor-widget-wrap elementor-element-populated\">\n\t\t\t\t\t\t\t\t<div class=\"elementor-element elementor-element-3945cd9 elementor-widget elementor-widget-text-editor\" data-id=\"3945cd9\" data-element_type=\"widget\" data-widget_type=\"text-editor.default\">\n\t\t\t\t<div class=\"elementor-widget-container\">\n\t\t\t\t\t<div class=\"elementor-text-editor elementor-clearfix\"><h3 style=\"color: #126E3B;\">3. Propri\u00e9t\u00e9 intellectuelle<\/h3>\nLe contenu pr\u00e9sent sur le site, incluant mais ne se limitant pas aux textes, images, graphismes, logos, vid\u00e9os, et ic\u00f4nes, est la propri\u00e9t\u00e9 exclusive de <b>CD DIAGNOSTIC<\/b>\u00a0ou de ses partenaires. Toute reproduction, distribution, modification, adaptation, retransmission ou publication, m\u00eame partielle, de ces diff\u00e9rents \u00e9l\u00e9ments est strictement interdite sans l&rsquo;accord expr\u00e8s de <strong>CD DIAGNOSTIC<\/strong>.<\/div>\n\t\t\t\t<\/div>\n\t\t\t\t<\/div>\n\t\t\t\t\t<\/div>\n\t\t<\/div>\n\t\t\t\t\t\t\t<\/div>\n\t\t<\/section>\n\t\t\t\t<section class=\"elementor-section elementor-inner-section elementor-element elementor-element-9310472 elementor-section-boxed elementor-section-height-default elementor-section-height-default\" data-id=\"9310472\" data-element_type=\"section\">\n\t\t\t\t\t\t<div class=\"elementor-container elementor-column-gap-default\">\n\t\t\t\t\t<div class=\"elementor-column elementor-col-100 elementor-inner-column elementor-element elementor-element-8f926ce\" data-id=\"8f926ce\" data-element_type=\"column\">\n\t\t\t<div class=\"elementor-widget-wrap elementor-element-populated\">\n\t\t\t\t\t\t\t\t<div class=\"elementor-element elementor-element-c016290 elementor-widget elementor-widget-text-editor\" data-id=\"c016290\" data-element_type=\"widget\" data-widget_type=\"text-editor.default\">\n\t\t\t\t<div class=\"elementor-widget-container\">\n\t\t\t\t\t<div class=\"elementor-text-editor elementor-clearfix\"><h3 style=\"color: #126E3B;\">4. Protection des donn\u00e9es personnelles<\/h3>\nConform\u00e9ment \u00e0 la loi n\u00b0 78-17 du 6 janvier 1978 modifi\u00e9e relative \u00e0 l&rsquo;informatique, aux fichiers et aux libert\u00e9s, ainsi qu&rsquo;au R\u00e8glement g\u00e9n\u00e9ral sur la protection des donn\u00e9es (RGPD) de l&rsquo;Union Europ\u00e9enne, vous disposez d&rsquo;un droit d&rsquo;acc\u00e8s, de rectification, de portabilit\u00e9, et de suppression des informations vous concernant. Vous pouvez exercer ce droit en envoyant un email \u00e0 <b>contact@cd-diagnostic.com\u00a0<\/b>ou en nous \u00e9crivant \u00e0 l&rsquo;adresse suivante :\n<strong>CD DIAGNOSTIC\n<\/strong><b>12 B ALLEE ETIENNE LAURENT\n<span style=\"font-family: var( --e-global-typography-text-font-family ), Sans-serif;\">93390 CLICHY-SOUS-BOIS<\/span><\/b>\n\nLes donn\u00e9es personnelles collect\u00e9es sur ce site sont utilis\u00e9es exclusivement par <strong>CD DIAGNOSTIC<\/strong> dans le cadre de ses services et ne seront jamais communiqu\u00e9es \u00e0 des tiers sans votre consentement explicite.<\/div>\n\t\t\t\t<\/div>\n\t\t\t\t<\/div>\n\t\t\t\t\t<\/div>\n\t\t<\/div>\n\t\t\t\t\t\t\t<\/div>\n\t\t<\/section>\n\t\t\t\t<section class=\"elementor-section elementor-inner-section elementor-element elementor-element-3b739fd elementor-section-boxed elementor-section-height-default elementor-section-height-default\" data-id=\"3b739fd\" data-element_type=\"section\">\n\t\t\t\t\t\t<div class=\"elementor-container elementor-column-gap-default\">\n\t\t\t\t\t<div class=\"elementor-column elementor-col-100 elementor-inner-column elementor-element elementor-element-190ef5e\" data-id=\"190ef5e\" data-element_type=\"column\">\n\t\t\t<div class=\"elementor-widget-wrap elementor-element-populated\">\n\t\t\t\t\t\t\t\t<div class=\"elementor-element elementor-element-8b77f2e elementor-widget elementor-widget-text-editor\" data-id=\"8b77f2e\" data-element_type=\"widget\" data-widget_type=\"text-editor.default\">\n\t\t\t\t<div class=\"elementor-widget-container\">\n\t\t\t\t\t<div class=\"elementor-text-editor elementor-clearfix\"><h3 style=\"color: #126E3B;\">5. Cookies<\/h3>\nLe site <strong>www.cd-diagnostic.fr<\/strong>\u00a0peut \u00eatre amen\u00e9 \u00e0 utiliser des cookies afin de collecter des informations statistiques sur la navigation de ses visiteurs. Ces cookies permettent d\u2019am\u00e9liorer l\u2019exp\u00e9rience utilisateur. Vous pouvez \u00e0 tout moment d\u00e9sactiver les cookies via les param\u00e8tres de votre navigateur.\n\nPour plus d\u2019informations sur l\u2019utilisation des cookies, veuillez consulter notre Politique de confidentialit\u00e9.<\/div>\n\t\t\t\t<\/div>\n\t\t\t\t<\/div>\n\t\t\t\t\t<\/div>\n\t\t<\/div>\n\t\t\t\t\t\t\t<\/div>\n\t\t<\/section>\n\t\t\t\t<section class=\"elementor-section elementor-inner-section elementor-element elementor-element-d6e384f elementor-section-boxed elementor-section-height-default elementor-section-height-default\" data-id=\"d6e384f\" data-element_type=\"section\">\n\t\t\t\t\t\t<div class=\"elementor-container elementor-column-gap-default\">\n\t\t\t\t\t<div class=\"elementor-column elementor-col-100 elementor-inner-column elementor-element elementor-element-059787e\" data-id=\"059787e\" data-element_type=\"column\">\n\t\t\t<div class=\"elementor-widget-wrap elementor-element-populated\">\n\t\t\t\t\t\t\t\t<div class=\"elementor-element elementor-element-3e19aee elementor-widget elementor-widget-text-editor\" data-id=\"3e19aee\" data-element_type=\"widget\" data-widget_type=\"text-editor.default\">\n\t\t\t\t<div class=\"elementor-widget-container\">\n\t\t\t\t\t<div class=\"elementor-text-editor elementor-clearfix\"><h3 style=\"color: #126E3B;\">6. Responsabilit\u00e9<\/h3>\nLe contenu de ce site est fourni \u00e0 titre indicatif. <b>CD DIAGNOSTIC\u00a0<\/b>s&rsquo;efforce de fournir des informations exactes et \u00e0 jour, mais ne saurait \u00eatre tenu responsable d&rsquo;\u00e9ventuelles erreurs ou omissions. L&rsquo;utilisation des informations pr\u00e9sentes sur ce site est sous la responsabilit\u00e9 exclusive de l&rsquo;utilisateur.\n\n<strong>CD DIAGNOSTIC<\/strong>\u00a0ne pourra \u00eatre tenu responsable des dommages r\u00e9sultant de l&rsquo;acc\u00e8s au site, de l&rsquo;impossibilit\u00e9 d&rsquo;y acc\u00e9der, ou de l&rsquo;utilisation des informations pr\u00e9sentes sur le site.<\/div>\n\t\t\t\t<\/div>\n\t\t\t\t<\/div>\n\t\t\t\t<div class=\"elementor-element elementor-element-522e3b2 elementor-widget elementor-widget-text-editor\" data-id=\"522e3b2\" data-element_type=\"widget\" data-widget_type=\"text-editor.default\">\n\t\t\t\t<div class=\"elementor-widget-container\">\n\t\t\t\t\t<div class=\"elementor-text-editor elementor-clearfix\"><h3 style=\"color: #126E3B;\">7. Loi applicable et juridiction comp\u00e9tente<\/h3>\nLes pr\u00e9sentes mentions l\u00e9gales sont r\u00e9gies par le droit fran\u00e7ais. En cas de litige, et apr\u00e8s \u00e9chec de toute tentative de r\u00e9solution amiable, les tribunaux fran\u00e7ais seront seuls comp\u00e9tents pour juger du diff\u00e9rend.<\/div>\n\t\t\t\t<\/div>\n\t\t\t\t<\/div>\n\t\t\t\t\t<\/div>\n\t\t<\/div>\n\t\t\t\t\t\t\t<\/div>\n\t\t<\/section>\n\t\t\t\t\t<\/div>\n\t\t<\/div>\n\t\t\t\t\t\t\t<\/div>\n\t\t<\/section>\n\t\t\t\t\t\t<\/div>\n\t\t\t\t\t<\/div>\n\t\t","protected":false},"excerpt":{"rendered":"<p>Mentions L\u00e9gales ! 1. \u00c9diteur du site Le pr\u00e9sent site est \u00e9dit\u00e9 par :Nom de [&hellip;]<\/p>\n","protected":false},"author":1,"featured_media":0,"parent":0,"menu_order":0,"comment_status":"closed","ping_status":"closed","template":"","meta":{"footnotes":""},"class_list":["post-626","page","type-page","status-publish","hentry"],"_links":{"self":[{"href":"https:\/\/www.cd-diagnostic.fr\/index.php\/wp-json\/wp\/v2\/pages\/626","targetHints":{"allow":["GET"]}}],"collection":[{"href":"https:\/\/www.cd-diagnostic.fr\/index.php\/wp-json\/wp\/v2\/pages"}],"about":[{"href":"https:\/\/www.cd-diagnostic.fr\/index.php\/wp-json\/wp\/v2\/types\/page"}],"author":[{"embeddable":true,"href":"https:\/\/www.cd-diagnostic.fr\/index.php\/wp-json\/wp\/v2\/users\/1"}],"replies":[{"embeddable":true,"href":"https:\/\/www.cd-diagnostic.fr\/index.php\/wp-json\/wp\/v2\/comments?post=626"}],"version-history":[{"count":19,"href":"https:\/\/www.cd-diagnostic.fr\/index.php\/wp-json\/wp\/v2\/pages\/626\/revisions"}],"predecessor-version":[{"id":697,"href":"https:\/\/www.cd-diagnostic.fr\/index.php\/wp-json\/wp\/v2\/pages\/626\/revisions\/697"}],"wp:attachment":[{"href":"https:\/\/www.cd-diagnostic.fr\/index.php\/wp-json\/wp\/v2\/media?parent=626"}],"curies":[{"name":"wp","href":"https:\/\/api.w.org\/{rel}","templated":true}]}}